{"id":214,"date":"2019-05-13T07:23:41","date_gmt":"2019-05-13T07:23:41","guid":{"rendered":"https:\/\/www.dry-ice-machine.com\/?page_id=214"},"modified":"2025-12-19T10:00:19","modified_gmt":"2025-12-19T02:00:19","slug":"index","status":"publish","type":"page","link":"https:\/\/dryice-equipment.com\/es\/","title":{"rendered":"Maquinaria Shuliy"},"content":{"rendered":"<div class=\"wp-block-columns has-2-columns is-layout-flex wp-container-core-columns-is-layout-9d6595d7 wp-block-columns-is-layout-flex\"> <div class=\"wp-block-column is-layout-flow wp-block-column-is-layout-flow\"> <h2 class=\"wp-block-heading has-text-align-center\" id=\"h-company-introduction\">Introducci\u00f3n de la Compa\u00f1\u00eda<\/h2>    <p>Shuliy Machinery es un fabricante y proveedor profesional de m\u00e1quinas de hielo seco con m\u00e1s de 10 a\u00f1os de experiencia. El equipo principal incluye m\u00e1quina fabricadora de bloques de hielo seco, m\u00e1quina granuladora de hielo seco, m\u00e1quina lavadora de hielo seco, m\u00e1quina limpiadora de hielo seco, etc.<\/p>    <p>Las m\u00e1quinas Shuliy han sido exportadas a una variedad de pa\u00edses y regiones, como Estados Unidos, Brasil, Cuba, Colombia, Chile, M\u00e9xico, Venezuela, Per\u00fa, Filipinas, Kazajist\u00e1n, Rusia, Arabia Saudita, Israel, Singapur, Nigeria, Ghana, Sud\u00e1n, Sud\u00e1frica, Sri Lanka, Turqu\u00eda y otros pa\u00edses y regiones de todo el mundo. Nuestra empresa adopta la tecnolog\u00eda m\u00e1s avanzada y mejora constantemente.<\/p>    <p>Hasta ahora, nuestras m\u00e1quinas de hielo seco de alta calidad se encuentran en gran oferta, lo que ha gozado de una buena reputaci\u00f3n entre nuestros clientes nacionales y extranjeros. Damos la bienvenida a clientes, asociaciones empresariales y amigos de todas partes del mundo para que se pongan en contacto con nosotros y busquen una cooperaci\u00f3n a largo plazo para obtener beneficios mutuos.<\/p>    <p>Tomamos \"Calidad Primero y Cliente Supremo\" como nuestra filosof\u00eda empresarial, adherimos a la idea de negocio \"Honestidad y Excelencia\" y al esp\u00edritu de \"Pr\u00e1ctico e Innovador\". <\/p> <\/div>    <div class=\"wp-block-column is-vertically-aligned-center is-layout-flow wp-block-column-is-layout-flow\"> <figure class=\"wp-block-image size-full\"><img loading=\"lazy\" decoding=\"async\" width=\"750\" height=\"750\" src=\"https:\/\/dryice-equipment.com\/wp-content\/uploads\/2025\/12\/Company-certificate.webp\" alt=\"Certificado de la empresa\" class=\"wp-image-19621\" title=\"\" srcset=\"https:\/\/dryice-equipment.com\/wp-content\/uploads\/2025\/12\/Company-certificate.webp 750w, https:\/\/dryice-equipment.com\/wp-content\/uploads\/2025\/12\/Company-certificate-300x300.webp 300w, https:\/\/dryice-equipment.com\/wp-content\/uploads\/2025\/12\/Company-certificate-150x150.webp 150w, https:\/\/dryice-equipment.com\/wp-content\/uploads\/2025\/12\/Company-certificate-12x12.webp 12w\" sizes=\"auto, (max-width: 750px) 100vw, 750px\" \/><\/figure> <\/div> <\/div>   <div class='pt-cv-wrapper'> <h3 class='pt-cv-heading-container heading1' data-blockid='u1cf2srb'><span class='pt-cv-heading'> Productos de tendencia <\/span><\/h3><div class=\"pt-cv-view pt-cv-blockgrid iscvblock iscvreal grid1 layout2\" id=\"pt-cv-view-u1cf2srb\"><div data-id=\"pt-cv-page-1\" class=\"pt-cv-page\" data-cvc=\"3\"><div class=\"pt-cv-content-item pt-cv-1-col\" ><div class=\"pt-cv-thumb-wrapper\"><a href=\"https:\/\/dryice-equipment.com\/es\/dry-ice-blasting-machine-manufacturer\/\" class=\"_self pt-cv-href-thumbnail pt-cv-thumb-default\" target=\"_self\" ><img loading=\"lazy\" decoding=\"async\" width=\"720\" height=\"540\" src=\"https:\/\/dryice-equipment.com\/wp-content\/uploads\/2022\/03\/new-type-dry-ice-cleaning-machine.webp\" class=\"pt-cv-thumbnail\" alt=\"Nuevo tipo de m\u00e1quina limpiadora de hielo seco.\" title=\"\"><\/a><\/div> <div class=\"pt-cv-remain-wrapper\"><h4 class=\"pt-cv-title\"><a href=\"https:\/\/dryice-equipment.com\/es\/dry-ice-blasting-machine-manufacturer\/\" class=\"_self\" target=\"_self\" >Nuevo tipo de m\u00e1quina de limpieza con hielo seco\u00a0<\/a><\/h4><\/div><\/div> <div class=\"pt-cv-content-item pt-cv-1-col\" ><div class=\"pt-cv-thumb-wrapper\"><a href=\"https:\/\/dryice-equipment.com\/es\/dry-ice-pellet-machine\/\" class=\"_self pt-cv-href-thumbnail pt-cv-thumb-default\" target=\"_self\" ><img loading=\"lazy\" decoding=\"async\" width=\"750\" height=\"750\" src=\"https:\/\/dryice-equipment.com\/wp-content\/uploads\/2021\/12\/Dry-Ice-Pellet-Machine.jpg\" class=\"pt-cv-thumbnail\" alt=\"M\u00e1quina de pellets de hielo seco\" title=\"\"><\/a><\/div> <div class=\"pt-cv-remain-wrapper\"><h4 class=\"pt-cv-title\"><a href=\"https:\/\/dryice-equipment.com\/es\/dry-ice-pellet-machine\/\" class=\"_self\" target=\"_self\" >M\u00e1quina de pellets de hielo seco | M\u00e1quina de hielo seco granulada (3-19 mm)<\/a><\/h4><\/div><\/div> <div class=\"pt-cv-content-item pt-cv-1-col\" ><div class=\"pt-cv-thumb-wrapper\"><a href=\"https:\/\/dryice-equipment.com\/es\/dry-ice-briquetting-complete-set\/\" class=\"_self pt-cv-href-thumbnail pt-cv-thumb-default\" target=\"_self\" ><img loading=\"lazy\" decoding=\"async\" width=\"768\" height=\"576\" src=\"https:\/\/dryice-equipment.com\/wp-content\/uploads\/2019\/05\/dry-ice-briquetting-complete-set-768x576.jpg\" class=\"pt-cv-thumbnail\" alt=\"\" title=\"\"><\/a><\/div> <div class=\"pt-cv-remain-wrapper\"><h4 class=\"pt-cv-title\"><a href=\"https:\/\/dryice-equipment.com\/es\/dry-ice-briquetting-complete-set\/\" class=\"_self\" target=\"_self\" >Juego completo de briquetas de hielo seco<\/a><\/h4><\/div><\/div> <div class=\"pt-cv-content-item pt-cv-1-col\" ><div class=\"pt-cv-thumb-wrapper\"><a href=\"https:\/\/dryice-equipment.com\/es\/dry-ice-briquetting-machine\/\" class=\"_self pt-cv-href-thumbnail pt-cv-thumb-default\" target=\"_self\" ><img loading=\"lazy\" decoding=\"async\" width=\"720\" height=\"540\" src=\"https:\/\/dryice-equipment.com\/wp-content\/uploads\/2019\/05\/dry-ice-briquetting-machine-4.jpg\" class=\"pt-cv-thumbnail\" alt=\"m\u00e1quina briquetadora de hielo seco\" title=\"\"><\/a><\/div> <div class=\"pt-cv-remain-wrapper\"><h4 class=\"pt-cv-title\"><a href=\"https:\/\/dryice-equipment.com\/es\/dry-ice-briquetting-machine\/\" class=\"_self\" target=\"_self\" >M\u00e1quina briquetadora de hielo seco<\/a><\/h4><\/div><\/div> <div class=\"pt-cv-content-item pt-cv-1-col\" ><div class=\"pt-cv-thumb-wrapper\"><a href=\"https:\/\/dryice-equipment.com\/es\/dry-ice-block-machine-for-sale\/\" class=\"_self pt-cv-href-thumbnail pt-cv-thumb-default\" target=\"_self\" ><img loading=\"lazy\" decoding=\"async\" width=\"768\" height=\"576\" src=\"https:\/\/dryice-equipment.com\/wp-content\/uploads\/2019\/05\/dry-ice-block-machine-768x576.jpg\" class=\"pt-cv-thumbnail\" alt=\"maquina para fabricar hielo seco\" title=\"\"><\/a><\/div> <div class=\"pt-cv-remain-wrapper\"><h4 class=\"pt-cv-title\"><a href=\"https:\/\/dryice-equipment.com\/es\/dry-ice-block-machine-for-sale\/\" class=\"_self\" target=\"_self\" >M\u00e1quina de hacer bloques de hielo seco<\/a><\/h4><\/div><\/div> <div class=\"pt-cv-content-item pt-cv-1-col\" ><div class=\"pt-cv-thumb-wrapper\"><a href=\"https:\/\/dryice-equipment.com\/es\/multi-head-dry-ice-granular-machine\/\" class=\"_self pt-cv-href-thumbnail pt-cv-thumb-default\" target=\"_self\" ><img loading=\"lazy\" decoding=\"async\" width=\"720\" height=\"540\" src=\"https:\/\/dryice-equipment.com\/wp-content\/uploads\/2019\/05\/double-head-dry-ice-pelletizer-machine.webp\" class=\"pt-cv-thumbnail\" alt=\"peletizadora de hielo seco de doble cabezal\" title=\"\"><\/a><\/div> <div class=\"pt-cv-remain-wrapper\"><h4 class=\"pt-cv-title\"><a href=\"https:\/\/dryice-equipment.com\/es\/multi-head-dry-ice-granular-machine\/\" class=\"_self\" target=\"_self\" >M\u00e1quina granuladora de hielo seco de doble cabezal<\/a><\/h4><\/div><\/div><\/div><\/div> <\/div> <style>  #pt-cv-view-u1cf2srb .pt-cv-meta-fields {  }#pt-cv-view-u1cf2srb .pt-cv-meta-fields * { font-size: 13px; }#pt-cv-view-u1cf2srb .pt-cv-thumb-wrapper:not(.miniwrap) {  }#pt-cv-view-u1cf2srb .pt-cv-thumbnail:not(.pt-cv-thumbnailsm) { height: 250px; }#pt-cv-view-u1cf2srb .pt-cv-title a { display: block; }#pt-cv-view-u1cf2srb .pt-cv-title:not(.pt-cv-titlesm) a { font-weight: 600;text-decoration: none;font-size: 20px; }#pt-cv-view-u1cf2srb .pt-cv-titlesm a { font-weight: 600;font-size: 18px; }#pt-cv-view-u1cf2srb .pt-cv-content { font-size: 15px; }#pt-cv-view-u1cf2srb .pt-cv-rmwrap {  }#pt-cv-view-u1cf2srb .pt-cv-readmore { color: #fff;background-color: #0075ff;font-size: 14px; }#pt-cv-view-u1cf2srb .pt-cv-taxoterm {  }#pt-cv-view-u1cf2srb .pt-cv-taxoterm * { color: #222;background-color: #fff6f6;font-size: 14px; }#pt-cv-view-u1cf2srb + .pt-cv-pagination-wrapper {  }#pt-cv-view-u1cf2srb + .pt-cv-pagination-wrapper a { font-size: 14px; }#pt-cv-view-u1cf2srb > .pt-cv-page {grid-template-columns: repeat(3, 1fr);grid-gap: 20px;} @media all and (max-width: 1024px) {  #pt-cv-view-u1cf2srb > .pt-cv-page {} }  @media all and (max-width: 767px) {  #pt-cv-view-u1cf2srb > .pt-cv-page {grid-template-columns: repeat(1, 1fr);} } <\/style>   <h2 class=\"wp-block-heading has-text-align-center\" id=\"h-why-choose-us\">\u00bfPor qu\u00e9 elegirnos?<\/h2>    <div class=\"wp-block-columns is-layout-flex wp-container-core-columns-is-layout-9d6595d7 wp-block-columns-is-layout-flex\"> <div class=\"wp-block-column is-layout-flow wp-block-column-is-layout-flow\"> <ol class=\"wp-block-list\"> <li>La tecnolog\u00eda avanzada de productos puede ahorrar mucha energ\u00eda <\/li> <\/ol> <\/div>    <div class=\"wp-block-column is-layout-flow wp-block-column-is-layout-flow\"> <p> 2. El producto de alta calidad tiene una vida \u00fatil m\u00e1s larga. <\/p> <\/div> <\/div>    <div class=\"wp-block-columns is-layout-flex wp-container-core-columns-is-layout-9d6595d7 wp-block-columns-is-layout-flex\"> <div class=\"wp-block-column is-layout-flow wp-block-column-is-layout-flow\"> <p> 3. Amplia gama de aplicaciones adecuadas para diversas industrias. <\/p> <\/div>    <div class=\"wp-block-column is-layout-flow wp-block-column-is-layout-flow\"> <p> 4. Ahorro de tiempo y energ\u00eda <\/p> <\/div> <\/div>","protected":false},"excerpt":{"rendered":"<p class=\"translation-block\">Company Introduction Shuliy Machinery is a professional manufacturer &amp; supplier for dry ice machine with over 10 years of experience. The main equipment includes dry ice block machine, dry ice granular machine, dry ice washing machine, dry ice blasting machine, etc. Shuliy machines have been exported to a variety of &#8230; <a title=\"Shuliy machinery\" class=\"read-more\" href=\"https:\/\/dryice-equipment.com\/es\/\" aria-label=\"Leer m\u00e1s sobre Shuliy machinery\">Read more<\/a><\/p>","protected":false},"author":1,"featured_media":0,"parent":0,"menu_order":0,"comment_status":"closed","ping_status":"closed","template":"","meta":{"footnotes":""},"class_list":["post-214","page","type-page","status-publish"],"_links":{"self":[{"href":"https:\/\/dryice-equipment.com\/es\/wp-json\/wp\/v2\/pages\/214","targetHints":{"allow":["GET"]}}],"collection":[{"href":"https:\/\/dryice-equipment.com\/es\/wp-json\/wp\/v2\/pages"}],"about":[{"href":"https:\/\/dryice-equipment.com\/es\/wp-json\/wp\/v2\/types\/page"}],"author":[{"embeddable":true,"href":"https:\/\/dryice-equipment.com\/es\/wp-json\/wp\/v2\/users\/1"}],"replies":[{"embeddable":true,"href":"https:\/\/dryice-equipment.com\/es\/wp-json\/wp\/v2\/comments?post=214"}],"version-history":[{"count":0,"href":"https:\/\/dryice-equipment.com\/es\/wp-json\/wp\/v2\/pages\/214\/revisions"}],"wp:attachment":[{"href":"https:\/\/dryice-equipment.com\/es\/wp-json\/wp\/v2\/media?parent=214"}],"curies":[{"name":"wp","href":"https:\/\/api.w.org\/{rel}","templated":true}]}}