{"id":432,"date":"2019-05-20T01:43:34","date_gmt":"2019-05-20T01:43:34","guid":{"rendered":"https:\/\/2.dry-ice-machine.com\/?page_id=432"},"modified":"2024-05-21T09:34:08","modified_gmt":"2024-05-21T01:34:08","slug":"service","status":"publish","type":"page","link":"https:\/\/dryice-equipment.com\/es\/servicio\/","title":{"rendered":"servicio"},"content":{"rendered":"<h2>Antes de la venta<\/h2>    <ol class=\"wp-block-list\"><li>Proporcionamos informaci\u00f3n profesional sobre m\u00e1quinas de hielo seco, calidad de producto calificada y soporte t\u00e9cnico avanzado.<\/li><li>Mostrar al cliente los resultados de las pruebas del producto. Ayude a los clientes a probar la m\u00e1quina seg\u00fan las diferentes materias primas y las necesidades del cliente.<\/li><li>Cree dibujos y dibujos en 3D seg\u00fan las necesidades del cliente, ayude a los clientes a dise\u00f1ar el dise\u00f1o de la planta.<\/li><li>Ayudar a los clientes a comprobar el transporte mar\u00edtimo, a\u00e9reo, etc., reducir los problemas de los clientes.<\/li><li>Ayudar a los clientes a responder preguntas relacionadas con las m\u00e1quinas<\/li><\/ol>    <div class=\"wp-block-columns has-2-columns is-layout-flex wp-container-core-columns-is-layout-9d6595d7 wp-block-columns-is-layout-flex\"> <div class=\"wp-block-column is-layout-flow wp-block-column-is-layout-flow\"> <figure class=\"wp-block-image\"><img loading=\"lazy\" decoding=\"async\" width=\"500\" height=\"500\" src=\"https:\/\/dryice-equipment.com\/wp-content\/uploads\/2019\/05\/factory-2.jpg\" alt=\"\" class=\"wp-image-605\" title=\"\" srcset=\"https:\/\/dryice-equipment.com\/wp-content\/uploads\/2019\/05\/factory-2.jpg 500w, https:\/\/dryice-equipment.com\/wp-content\/uploads\/2019\/05\/factory-2-150x150.jpg 150w, https:\/\/dryice-equipment.com\/wp-content\/uploads\/2019\/05\/factory-2-300x300.jpg 300w\" sizes=\"auto, (max-width: 500px) 100vw, 500px\" \/><figcaption>M\u00e1quina de hielo seco<\/figcaption><\/figure>    <p style=\"text-align:center\">Exhibici\u00f3n de la f\u00e1brica de m\u00e1quinas de hacer bloques de hielo seco<\/p> <\/div>    <div class=\"wp-block-column is-layout-flow wp-block-column-is-layout-flow\"> <figure class=\"wp-block-image\"><img loading=\"lazy\" decoding=\"async\" width=\"500\" height=\"500\" src=\"https:\/\/dryice-equipment.com\/wp-content\/uploads\/2019\/05\/factory-4.jpg\" alt=\"\" class=\"wp-image-607\" title=\"\" srcset=\"https:\/\/dryice-equipment.com\/wp-content\/uploads\/2019\/05\/factory-4.jpg 500w, https:\/\/dryice-equipment.com\/wp-content\/uploads\/2019\/05\/factory-4-150x150.jpg 150w, https:\/\/dryice-equipment.com\/wp-content\/uploads\/2019\/05\/factory-4-300x300.jpg 300w\" sizes=\"auto, (max-width: 500px) 100vw, 500px\" \/><figcaption>M\u00e1quina de hielo seco<\/figcaption><\/figure>    <p style=\"text-align:center\">Exposici\u00f3n de la f\u00e1brica de existencias de hielo seco<\/p> <\/div> <\/div>       <h2>Despu\u00e9s de las ventas<\/h2>    <ol class=\"wp-block-list\"><li>Organizaremos el transporte de la m\u00e1quina y notificaremos a la m\u00e1quina del cliente sobre el mensaje de log\u00edstica a tiempo.<\/li><li>Garant\u00eda dentro de un a\u00f1o, la m\u00e1quina tiene piezas reparables.<\/li><li>Podemos ense\u00f1ar a los clientes a realizar la instalaci\u00f3n mediante v\u00eddeo.&nbsp;<\/li><li>Consulta t\u00e9cnica: Si tuvo alg\u00fan problema durante el funcionamiento de la m\u00e1quina, no dude en contactarnos, le brindamos instrucci\u00f3n en l\u00ednea en un d\u00eda laboral regular o nuestro personal profesional le brindar\u00e1 soporte t\u00e9cnico personalizado de acuerdo con su situaci\u00f3n pr\u00e1ctica.<\/li><li>Mantenimiento: Podemos ofrecerle orientaci\u00f3n detallada sobre el mantenimiento mediante el env\u00edo de un folleto de productos. Aseg\u00farese de haber le\u00eddo el manual del propietario y seguir los pasos durante la operaci\u00f3n. El mantenimiento regular de la m\u00e1quina puede prolongar su vida \u00fatil para ahorrar su inversi\u00f3n en reparaci\u00f3n.<\/li><li>Componentes: Los componentes adicionales no son gratuitos, pero podemos garantizarle que todos los componentes se fabrican cumpliendo estrictamente con los requisitos de un contrato y las normas nacionales pertinentes sobre exportaci\u00f3n de art\u00edculos.<\/li><\/ol>    <div class=\"wp-block-columns has-2-columns is-layout-flex wp-container-core-columns-is-layout-9d6595d7 wp-block-columns-is-layout-flex\"> <div class=\"wp-block-column is-layout-flow wp-block-column-is-layout-flow\"> <figure class=\"wp-block-image\"><img loading=\"lazy\" decoding=\"async\" width=\"500\" height=\"500\" src=\"https:\/\/dryice-equipment.com\/wp-content\/uploads\/2019\/05\/factory-3.jpg\" alt=\"\" class=\"wp-image-606\" title=\"\" srcset=\"https:\/\/dryice-equipment.com\/wp-content\/uploads\/2019\/05\/factory-3.jpg 500w, https:\/\/dryice-equipment.com\/wp-content\/uploads\/2019\/05\/factory-3-150x150.jpg 150w, https:\/\/dryice-equipment.com\/wp-content\/uploads\/2019\/05\/factory-3-300x300.jpg 300w\" sizes=\"auto, (max-width: 500px) 100vw, 500px\" \/><figcaption>M\u00e1quina de hielo seco<\/figcaption><\/figure>    <p style=\"text-align:center\">Exposici\u00f3n de la f\u00e1brica de m\u00e1quinas granulares de hielo seco <\/p> <\/div>    <div class=\"wp-block-column is-layout-flow wp-block-column-is-layout-flow\"> <figure class=\"wp-block-image\"><img loading=\"lazy\" decoding=\"async\" width=\"500\" height=\"500\" src=\"https:\/\/dryice-equipment.com\/wp-content\/uploads\/2019\/05\/factory-1.jpg\" alt=\"\" class=\"wp-image-604\" title=\"\" srcset=\"https:\/\/dryice-equipment.com\/wp-content\/uploads\/2019\/05\/factory-1.jpg 500w, https:\/\/dryice-equipment.com\/wp-content\/uploads\/2019\/05\/factory-1-150x150.jpg 150w, https:\/\/dryice-equipment.com\/wp-content\/uploads\/2019\/05\/factory-1-300x300.jpg 300w\" sizes=\"auto, (max-width: 500px) 100vw, 500px\" \/><figcaption>M\u00e1quina de hielo seco<\/figcaption><\/figure>    <p style=\"text-align:center\">Show de f\u00e1brica de cajas de preservaci\u00f3n del calor con hielo seco<\/p> <\/div> <\/div>","protected":false},"excerpt":{"rendered":"<p class=\"translation-block\">Antes de la venta Proporcionamos informaci\u00f3n profesional sobre m\u00e1quinas de hielo seco, calidad de producto calificada y soporte t\u00e9cnico avanzado. Mostramos al cliente los resultados de las pruebas del producto. Ayudamos a los clientes a probar la m\u00e1quina seg\u00fan diferentes materias primas y necesidades del cliente. Creamos dibujos y dibujos en 3D seg\u00fan las necesidades del cliente, ayudamos a los clientes a dise\u00f1ar la distribuci\u00f3n de la planta \u2026 <a title=\"service\" class=\"read-more\" href=\"https:\/\/dryice-equipment.com\/es\/servicio\/\" aria-label=\"Leer m\u00e1s sobre service\">Leer m\u00e1s<\/a><\/p>","protected":false},"author":1,"featured_media":0,"parent":0,"menu_order":0,"comment_status":"closed","ping_status":"closed","template":"","meta":{"footnotes":""},"class_list":["post-432","page","type-page","status-publish"],"_links":{"self":[{"href":"https:\/\/dryice-equipment.com\/es\/wp-json\/wp\/v2\/pages\/432","targetHints":{"allow":["GET"]}}],"collection":[{"href":"https:\/\/dryice-equipment.com\/es\/wp-json\/wp\/v2\/pages"}],"about":[{"href":"https:\/\/dryice-equipment.com\/es\/wp-json\/wp\/v2\/types\/page"}],"author":[{"embeddable":true,"href":"https:\/\/dryice-equipment.com\/es\/wp-json\/wp\/v2\/users\/1"}],"replies":[{"embeddable":true,"href":"https:\/\/dryice-equipment.com\/es\/wp-json\/wp\/v2\/comments?post=432"}],"version-history":[{"count":0,"href":"https:\/\/dryice-equipment.com\/es\/wp-json\/wp\/v2\/pages\/432\/revisions"}],"wp:attachment":[{"href":"https:\/\/dryice-equipment.com\/es\/wp-json\/wp\/v2\/media?parent=432"}],"curies":[{"name":"wp","href":"https:\/\/api.w.org\/{rel}","templated":true}]}}