{"id":595,"date":"2019-05-21T09:30:53","date_gmt":"2019-05-21T09:30:53","guid":{"rendered":"https:\/\/2.dry-ice-machine.com\/?page_id=595"},"modified":"2024-05-21T09:34:09","modified_gmt":"2024-05-21T01:34:09","slug":"spare-parts","status":"publish","type":"page","link":"https:\/\/dryice-equipment.com\/es\/spare-parts\/","title":{"rendered":"Piezas de repuesto"},"content":{"rendered":"<p style=\"color:#0273a4\" class=\"has-text-color\"><h2>M\u00e1quina para hacer hielo seco<\/h2><\/p>    <div class=\"wp-block-columns has-2-columns is-layout-flex wp-container-core-columns-is-layout-9d6595d7 wp-block-columns-is-layout-flex\"> <div class=\"wp-block-column is-layout-flow wp-block-column-is-layout-flow\"> <figure class=\"wp-block-image\"><img loading=\"lazy\" decoding=\"async\" width=\"500\" height=\"500\" src=\"https:\/\/dryice-equipment.com\/wp-content\/uploads\/2019\/05\/dry-ice-machine-spare-parts-4.jpg\" alt=\"\" class=\"wp-image-617\" title=\"\" srcset=\"https:\/\/dryice-equipment.com\/wp-content\/uploads\/2019\/05\/dry-ice-machine-spare-parts-4.jpg 500w, https:\/\/dryice-equipment.com\/wp-content\/uploads\/2019\/05\/dry-ice-machine-spare-parts-4-150x150.jpg 150w, https:\/\/dryice-equipment.com\/wp-content\/uploads\/2019\/05\/dry-ice-machine-spare-parts-4-300x300.jpg 300w\" sizes=\"auto, (max-width: 500px) 100vw, 500px\" \/><figcaption>Repuestos para m\u00e1quinas de hielo seco <\/figcaption><\/figure>    <p style=\"text-align:left\" class=\"translation-block\"><strong>Molde de m\u00e1quina de hielo seco granular<\/strong>: Es una parte importante de la m\u00e1quina, que determina el di\u00e1metro de las part\u00edculas de hielo seco. Est\u00e1 completamente hecho de acero inoxidable. Por lo tanto, los gr\u00e1nulos de hielo seco producidos son saludables.<\/p> <\/div>    <div class=\"wp-block-column is-layout-flow wp-block-column-is-layout-flow\"> <figure class=\"wp-block-image\"><img loading=\"lazy\" decoding=\"async\" width=\"500\" height=\"500\" src=\"https:\/\/dryice-equipment.com\/wp-content\/uploads\/2019\/05\/spare-parts.jpg\" alt=\"\" class=\"wp-image-638\" title=\"\" srcset=\"https:\/\/dryice-equipment.com\/wp-content\/uploads\/2019\/05\/spare-parts.jpg 500w, https:\/\/dryice-equipment.com\/wp-content\/uploads\/2019\/05\/spare-parts-150x150.jpg 150w, https:\/\/dryice-equipment.com\/wp-content\/uploads\/2019\/05\/spare-parts-300x300.jpg 300w\" sizes=\"auto, (max-width: 500px) 100vw, 500px\" \/><figcaption>Piezas de repuesto<\/figcaption><\/figure>    <p class=\"translation-block\"><strong>Tuber\u00eda<\/strong>: El prop\u00f3sito de esta tuber\u00eda es transportar di\u00f3xido de carbono desde el contenedor de CO2 hasta la m\u00e1quina de hielo seco. El gas CO2 sale a trav\u00e9s de una tuber\u00eda con brida, lo que facilita la recuperaci\u00f3n si es necesario. La descarga de aire debe permanecer abierta.<\/p> <\/div> <\/div>    <p><\/p>    <div class=\"wp-block-columns has-2-columns is-layout-flex wp-container-core-columns-is-layout-9d6595d7 wp-block-columns-is-layout-flex\"> <div class=\"wp-block-column is-layout-flow wp-block-column-is-layout-flow\"> <figure class=\"wp-block-image\"><img loading=\"lazy\" decoding=\"async\" width=\"500\" height=\"500\" src=\"https:\/\/dryice-equipment.com\/wp-content\/uploads\/2019\/05\/dry-ice-machine-spare-parts-5.jpg\" alt=\"\" class=\"wp-image-618\" title=\"\" srcset=\"https:\/\/dryice-equipment.com\/wp-content\/uploads\/2019\/05\/dry-ice-machine-spare-parts-5.jpg 500w, https:\/\/dryice-equipment.com\/wp-content\/uploads\/2019\/05\/dry-ice-machine-spare-parts-5-150x150.jpg 150w, https:\/\/dryice-equipment.com\/wp-content\/uploads\/2019\/05\/dry-ice-machine-spare-parts-5-300x300.jpg 300w\" sizes=\"auto, (max-width: 500px) 100vw, 500px\" \/><figcaption>Repuestos para m\u00e1quinas de hielo seco <\/figcaption><\/figure>    <p class=\"translation-block\"><strong>Motor<\/strong>: Este es el motor de la m\u00e1quina de hielo seco, que desempe\u00f1a un papel importante en la m\u00e1quina. Por favor, observe si el motor gira en sentido horario durante el primer arranque.<\/p> <\/div>    <div class=\"wp-block-column is-layout-flow wp-block-column-is-layout-flow\"> <figure class=\"wp-block-image\"><img loading=\"lazy\" decoding=\"async\" width=\"500\" height=\"500\" src=\"https:\/\/dryice-equipment.com\/wp-content\/uploads\/2019\/05\/dry-ice-machine-spare-parts-7.jpg\" alt=\"\" class=\"wp-image-620\" title=\"\" srcset=\"https:\/\/dryice-equipment.com\/wp-content\/uploads\/2019\/05\/dry-ice-machine-spare-parts-7.jpg 500w, https:\/\/dryice-equipment.com\/wp-content\/uploads\/2019\/05\/dry-ice-machine-spare-parts-7-150x150.jpg 150w, https:\/\/dryice-equipment.com\/wp-content\/uploads\/2019\/05\/dry-ice-machine-spare-parts-7-300x300.jpg 300w\" sizes=\"auto, (max-width: 500px) 100vw, 500px\" \/><figcaption>Repuestos para m\u00e1quinas de hielo seco <\/figcaption><\/figure>    <p class=\"translation-block\"><strong>Ventilador<\/strong>: Durante el proceso de producci\u00f3n de la m\u00e1quina, generar\u00e1 una cierta cantidad de calor debido a la fricci\u00f3n, etc. Por lo tanto, la funci\u00f3n del ventilador es disipar el calor y asegurar el uso de la m\u00e1quina.<\/p> <\/div> <\/div>    <div class=\"wp-block-columns has-2-columns is-layout-flex wp-container-core-columns-is-layout-9d6595d7 wp-block-columns-is-layout-flex\"> <div class=\"wp-block-column is-layout-flow wp-block-column-is-layout-flow\"> <figure class=\"wp-block-image\"><img loading=\"lazy\" decoding=\"async\" width=\"500\" height=\"500\" src=\"https:\/\/dryice-equipment.com\/wp-content\/uploads\/2019\/05\/dry-ice-machine-spare-parts-2.jpg\" alt=\"\" class=\"wp-image-615\" title=\"\" srcset=\"https:\/\/dryice-equipment.com\/wp-content\/uploads\/2019\/05\/dry-ice-machine-spare-parts-2.jpg 500w, https:\/\/dryice-equipment.com\/wp-content\/uploads\/2019\/05\/dry-ice-machine-spare-parts-2-150x150.jpg 150w, https:\/\/dryice-equipment.com\/wp-content\/uploads\/2019\/05\/dry-ice-machine-spare-parts-2-300x300.jpg 300w\" sizes=\"auto, (max-width: 500px) 100vw, 500px\" \/><figcaption>Repuestos para m\u00e1quinas de hielo seco <\/figcaption><\/figure>    <p class=\"translation-block\"><strong>Contenedor de CO\u2082<\/strong>: El di\u00f3xido de carbono se recoge de diversas fuentes. Luego, SE procesa en pellets de hielo l\u00edquido o bloques de hielo seco, lo que logra la reutilizaci\u00f3n del di\u00f3xido de carbono. Generalmente, habr\u00e1 una f\u00e1brica que vende di\u00f3xido de carbono exclusivamente.                                          <\/p>    <figure class=\"wp-block-image\"><img loading=\"lazy\" decoding=\"async\" width=\"500\" height=\"500\" src=\"https:\/\/dryice-equipment.com\/wp-content\/uploads\/2019\/05\/dry-ice-machine-spare-parts-8.jpg\" alt=\"\" class=\"wp-image-621\" title=\"\" srcset=\"https:\/\/dryice-equipment.com\/wp-content\/uploads\/2019\/05\/dry-ice-machine-spare-parts-8.jpg 500w, https:\/\/dryice-equipment.com\/wp-content\/uploads\/2019\/05\/dry-ice-machine-spare-parts-8-150x150.jpg 150w, https:\/\/dryice-equipment.com\/wp-content\/uploads\/2019\/05\/dry-ice-machine-spare-parts-8-300x300.jpg 300w\" sizes=\"auto, (max-width: 500px) 100vw, 500px\" \/><figcaption>Repuestos para m\u00e1quinas de hielo seco <\/figcaption><\/figure>    <p class=\"translation-block\"><strong>Salida<\/strong>: El di\u00e1metro de la salida se puede personalizar seg\u00fan los requisitos del cliente. Por lo general, el di\u00e1metro var\u00eda de 3 a 19 mm. Los materiales crudos de di\u00f3xido de carbono en la tuber\u00eda deben vaciarse completamente despu\u00e9s de que la m\u00e1quina est\u00e9 fuera de servicio. <\/p> <\/div>    <div class=\"wp-block-column is-layout-flow wp-block-column-is-layout-flow\"> <figure class=\"wp-block-image\"><img loading=\"lazy\" decoding=\"async\" width=\"500\" height=\"500\" src=\"https:\/\/dryice-equipment.com\/wp-content\/uploads\/2019\/05\/dry-ice-machine-spare-parts-6.jpg\" alt=\"\" class=\"wp-image-619\" title=\"\" srcset=\"https:\/\/dryice-equipment.com\/wp-content\/uploads\/2019\/05\/dry-ice-machine-spare-parts-6.jpg 500w, https:\/\/dryice-equipment.com\/wp-content\/uploads\/2019\/05\/dry-ice-machine-spare-parts-6-150x150.jpg 150w, https:\/\/dryice-equipment.com\/wp-content\/uploads\/2019\/05\/dry-ice-machine-spare-parts-6-300x300.jpg 300w\" sizes=\"auto, (max-width: 500px) 100vw, 500px\" \/><figcaption>Repuestos para m\u00e1quinas de hielo seco <\/figcaption><\/figure>    <p class=\"translation-block\"><strong>Transformador<\/strong>: Su funci\u00f3n principal es la conversi\u00f3n de voltaje. Debido a que los voltajes en diferentes pa\u00edses son diferentes, para el uso normal de la m\u00e1quina, el voltaje de la m\u00e1quina debe ser consistente con el voltaje local del cliente.<\/p>    <figure class=\"wp-block-image\"><img loading=\"lazy\" decoding=\"async\" width=\"500\" height=\"500\" src=\"https:\/\/dryice-equipment.com\/wp-content\/uploads\/2019\/05\/dry-ice-machine-spare-parts-1.jpg\" alt=\"\" class=\"wp-image-614\" title=\"\" srcset=\"https:\/\/dryice-equipment.com\/wp-content\/uploads\/2019\/05\/dry-ice-machine-spare-parts-1.jpg 500w, https:\/\/dryice-equipment.com\/wp-content\/uploads\/2019\/05\/dry-ice-machine-spare-parts-1-150x150.jpg 150w, https:\/\/dryice-equipment.com\/wp-content\/uploads\/2019\/05\/dry-ice-machine-spare-parts-1-300x300.jpg 300w\" sizes=\"auto, (max-width: 500px) 100vw, 500px\" \/><figcaption>Repuestos para m\u00e1quinas de hielo seco <\/figcaption><\/figure>    <p class=\"translation-block\"><strong>Panel de control:<\/strong> Puede controlar todos los pasos de producci\u00f3n de la m\u00e1quina. Por ejemplo, el tiempo de alimentaci\u00f3n, el tiempo de retroceso del cilindro maestro y el tiempo de cierre, etc. Puede elegir operaci\u00f3n manual o autom\u00e1tica. Si desea que funcione autom\u00e1ticamente, simplemente configure todos los par\u00e1metros.<\/p> <\/div> <\/div>    <p style=\"color:#218dbb\" class=\"has-text-color\"><h2>M\u00e1quina de limpieza criog\u00e9nica<\/h2><\/p>    <figure class=\"wp-block-image\"><img loading=\"lazy\" decoding=\"async\" width=\"750\" height=\"500\" src=\"https:\/\/dryice-equipment.com\/wp-content\/uploads\/2019\/05\/dry-ice-machine-spare-parts-9.jpg\" alt=\"\" class=\"wp-image-622\" title=\"\" srcset=\"https:\/\/dryice-equipment.com\/wp-content\/uploads\/2019\/05\/dry-ice-machine-spare-parts-9.jpg 750w, https:\/\/dryice-equipment.com\/wp-content\/uploads\/2019\/05\/dry-ice-machine-spare-parts-9-300x200.jpg 300w\" sizes=\"auto, (max-width: 750px) 100vw, 750px\" \/><figcaption>Repuestos para m\u00e1quinas de hielo seco <\/figcaption><\/figure>    <p>Manguera para chorro de hielo: La manguera para chorro de hielo est\u00e1 hecha de un tubo de goma resistente a bajas temperaturas y se agrega una cubierta protectora Oxford en el exterior. Debido a que la temperatura de los gr\u00e1nulos de hielo seco es de aproximadamente -78 \u2103, la tuber\u00eda debe estar hecha de caucho resistente a bajas temperaturas para garantizar el uso normal de la m\u00e1quina. <\/p>    <div class=\"table_grad scroll_tablex\">       <table class=\"table_tab responsive\"><tbody><tr><td>Modelo<\/td><td>Modelos aplicables (explosi\u00f3n de hielo seco)<\/td><td>Rosca del conector<\/td><td>Longitud<\/td><\/tr><tr><td>SL-1<\/td><td>SL-550<\/td><td>3\/4\u2033<\/td><td>7m<\/td><\/tr><tr><td>SL-2<\/td><td>SL-550<\/td><td>1\u2033<\/td><td>7m<\/td><\/tr><\/tbody><\/table><\/div>    <p>Manguera de aire: El alojamiento de aire es de goma con una presi\u00f3n de 8,0 MPa. Conecta el aire comprimido limpio y seco y la m\u00e1quina limpiadora de hielo seco. Hay juntas giratorias en dos extremos, que son f\u00e1ciles de instalar, desmontables y reemplazables.<\/p>    <div class=\"table_grad scroll_tablex\">       <table class=\"table_tab responsive\"><tbody><tr><td>Modelo<\/td><td>Modelos aplicables (explosi\u00f3n de hielo seco)<\/td><td>Rosca del conector<\/td><td>Longitud<\/td><\/tr><tr><td>SL-1<\/td><td>SL-550<\/td><td>3\/4\u2033<\/td><td>9m<\/td><\/tr><tr><td>SL-2<\/td><td>SL-550<\/td><td>1\u2033<\/td><td>9m<\/td><\/tr><\/tbody><\/table><\/div>    <p><\/p>","protected":false},"excerpt":{"rendered":"<p class=\"translation-block\">M\u00e1quina de fabricaci\u00f3n de hielo seco M\u00e1quina de hielo seco granular molde: Es una parte importante de la m\u00e1quina, que determina el di\u00e1metro de las part\u00edculas de hielo seco. Est\u00e1 completamente hecha de acero inoxidable. Por lo tanto, los gr\u00e1nulos de hielo seco producidos son saludables. Tubo: El prop\u00f3sito de este tubo es transportar di\u00f3xido de carbono desde \u2026 <a title=\"Repuestos\" class=\"read-more\" href=\"https:\/\/dryice-equipment.com\/es\/spare-parts\/\" aria-label=\"Leer m\u00e1s sobre Repuestos\">Leer m\u00e1s<\/a><\/p>","protected":false},"author":1,"featured_media":0,"parent":0,"menu_order":0,"comment_status":"closed","ping_status":"closed","template":"","meta":{"footnotes":""},"class_list":["post-595","page","type-page","status-publish"],"_links":{"self":[{"href":"https:\/\/dryice-equipment.com\/es\/wp-json\/wp\/v2\/pages\/595","targetHints":{"allow":["GET"]}}],"collection":[{"href":"https:\/\/dryice-equipment.com\/es\/wp-json\/wp\/v2\/pages"}],"about":[{"href":"https:\/\/dryice-equipment.com\/es\/wp-json\/wp\/v2\/types\/page"}],"author":[{"embeddable":true,"href":"https:\/\/dryice-equipment.com\/es\/wp-json\/wp\/v2\/users\/1"}],"replies":[{"embeddable":true,"href":"https:\/\/dryice-equipment.com\/es\/wp-json\/wp\/v2\/comments?post=595"}],"version-history":[{"count":0,"href":"https:\/\/dryice-equipment.com\/es\/wp-json\/wp\/v2\/pages\/595\/revisions"}],"wp:attachment":[{"href":"https:\/\/dryice-equipment.com\/es\/wp-json\/wp\/v2\/media?parent=595"}],"curies":[{"name":"wp","href":"https:\/\/api.w.org\/{rel}","templated":true}]}}