{"id":214,"date":"2019-05-13T07:23:41","date_gmt":"2019-05-13T07:23:41","guid":{"rendered":"https:\/\/www.dry-ice-machine.com\/?page_id=214"},"modified":"2025-12-19T10:00:19","modified_gmt":"2025-12-19T02:00:19","slug":"index","status":"publish","type":"page","link":"https:\/\/dryice-equipment.com\/fr\/","title":{"rendered":"Machines Shuliy"},"content":{"rendered":"<div class=\"wp-block-columns has-2-columns is-layout-flex wp-container-core-columns-is-layout-9d6595d7 wp-block-columns-is-layout-flex\"> <div class=\"wp-block-column is-layout-flow wp-block-column-is-layout-flow\"> <h2 class=\"wp-block-heading has-text-align-center\" id=\"h-company-introduction\">Pr\u00e9sentation De L'Entreprise<\/h2>    <p>Shuliy Machinery est un fabricant et fournisseur professionnel de machines \u00e0 glace carbonique avec plus de 10 ans d'exp\u00e9rience. L'\u00e9quipement principal comprend une machine \u00e0 blocs de glace carbonique, une machine granulaire \u00e0 glace carbonique, une machine \u00e0 laver \u00e0 glace carbonique, une machine de projection de glace carbonique, etc.<\/p>    <p>Les machines Shuliy ont \u00e9t\u00e9 export\u00e9es vers une vari\u00e9t\u00e9 de pays et r\u00e9gions, tels que les \u00c9tats-Unis, le Br\u00e9sil, Cuba, la Colombie, le Chili, le Mexique, le Venezuela, le P\u00e9rou, les Philippines, le Kazakhstan, la Russie, l'Arabie Saoudite, Isra\u00ebl, Singapour, le Nigeria, le Ghana, le Soudan, l'Afrique du Sud, le Sri Lanka, la Turquie et d'autres pays et r\u00e9gions du monde. Notre entreprise adopte la derni\u00e8re technologie et s'am\u00e9liore constamment.<\/p>    <p>Jusqu'\u00e0 pr\u00e9sent, nos machines \u00e0 glace carbonique de haute qualit\u00e9 sont en vente chaude, ce qui jouit d'une bonne r\u00e9putation aupr\u00e8s de nos clients nationaux et \u00e9trangers. Nous invitons les clients, les associations professionnelles et les amis de toutes les r\u00e9gions du monde \u00e0 nous contacter et \u00e0 rechercher une coop\u00e9ration \u00e0 long terme pour des b\u00e9n\u00e9fices mutuels.<\/p>    <p>Nous prenons \u00ab Qualit\u00e9 d'abord et Client supr\u00eame \u00bb comme notre philosophie d'entreprise, adh\u00e9rons \u00e0 l'id\u00e9e commerciale \u00ab Honn\u00eatet\u00e9 et Excellence \u00bb et \u00e0 l'esprit de \u00ab Pratique et Innovant \u00bb. <\/p> <\/div>    <div class=\"wp-block-column is-vertically-aligned-center is-layout-flow wp-block-column-is-layout-flow\"> <figure class=\"wp-block-image size-full\"><img loading=\"lazy\" decoding=\"async\" width=\"750\" height=\"750\" src=\"https:\/\/dryice-equipment.com\/wp-content\/uploads\/2025\/12\/Company-certificate.webp\" alt=\"Certificat de l&#039;entreprise\" class=\"wp-image-19621\" title=\"\" srcset=\"https:\/\/dryice-equipment.com\/wp-content\/uploads\/2025\/12\/Company-certificate.webp 750w, https:\/\/dryice-equipment.com\/wp-content\/uploads\/2025\/12\/Company-certificate-300x300.webp 300w, https:\/\/dryice-equipment.com\/wp-content\/uploads\/2025\/12\/Company-certificate-150x150.webp 150w, https:\/\/dryice-equipment.com\/wp-content\/uploads\/2025\/12\/Company-certificate-12x12.webp 12w\" sizes=\"auto, (max-width: 750px) 100vw, 750px\" \/><\/figure> <\/div> <\/div>   <div class='pt-cv-wrapper'> <h3 class='pt-cv-heading-container heading1' data-blockid='u1cf2srb'><span class='pt-cv-heading'> Produits tendances <\/span><\/h3><div class=\"pt-cv-view pt-cv-blockgrid iscvblock iscvreal grid1 layout2\" id=\"pt-cv-view-u1cf2srb\"><div data-id=\"pt-cv-page-1\" class=\"pt-cv-page\" data-cvc=\"3\"><div class=\"pt-cv-content-item pt-cv-1-col\" ><div class=\"pt-cv-thumb-wrapper\"><a href=\"https:\/\/dryice-equipment.com\/fr\/dry-ice-blasting-machine-manufacturer\/\" class=\"_self pt-cv-href-thumbnail pt-cv-thumb-default\" target=\"_self\" ><img loading=\"lazy\" decoding=\"async\" width=\"720\" height=\"540\" src=\"https:\/\/dryice-equipment.com\/wp-content\/uploads\/2022\/03\/new-type-dry-ice-cleaning-machine.webp\" class=\"pt-cv-thumbnail\" alt=\"Nouveau type de machine de nettoyage \u00e0 glace carbonique\" title=\"\"><\/a><\/div> <div class=\"pt-cv-remain-wrapper\"><h4 class=\"pt-cv-title\"><a href=\"https:\/\/dryice-equipment.com\/fr\/dry-ice-blasting-machine-manufacturer\/\" class=\"_self\" target=\"_self\" >Nouveau type de machine de nettoyage de glace carbonique\u00a0<\/a><\/h4><\/div><\/div> <div class=\"pt-cv-content-item pt-cv-1-col\" ><div class=\"pt-cv-thumb-wrapper\"><a href=\"https:\/\/dryice-equipment.com\/fr\/dry-ice-pellet-machine\/\" class=\"_self pt-cv-href-thumbnail pt-cv-thumb-default\" target=\"_self\" ><img loading=\"lazy\" decoding=\"async\" width=\"750\" height=\"750\" src=\"https:\/\/dryice-equipment.com\/wp-content\/uploads\/2021\/12\/Dry-Ice-Pellet-Machine.jpg\" class=\"pt-cv-thumbnail\" alt=\"Machine \u00e0 granul\u00e9s de glace carbonique\" title=\"\"><\/a><\/div> <div class=\"pt-cv-remain-wrapper\"><h4 class=\"pt-cv-title\"><a href=\"https:\/\/dryice-equipment.com\/fr\/dry-ice-pellet-machine\/\" class=\"_self\" target=\"_self\" >Machine \u00e0 granul\u00e9s de glace carbonique | Machine \u00e0 glace carbonique granul\u00e9e (3-19 mm)<\/a><\/h4><\/div><\/div> <div class=\"pt-cv-content-item pt-cv-1-col\" ><div class=\"pt-cv-thumb-wrapper\"><a href=\"https:\/\/dryice-equipment.com\/fr\/dry-ice-briquetting-complete-set\/\" class=\"_self pt-cv-href-thumbnail pt-cv-thumb-default\" target=\"_self\" ><img loading=\"lazy\" decoding=\"async\" width=\"768\" height=\"576\" src=\"https:\/\/dryice-equipment.com\/wp-content\/uploads\/2019\/05\/dry-ice-briquetting-complete-set-768x576.jpg\" class=\"pt-cv-thumbnail\" alt=\"\" title=\"\"><\/a><\/div> <div class=\"pt-cv-remain-wrapper\"><h4 class=\"pt-cv-title\"><a href=\"https:\/\/dryice-equipment.com\/fr\/dry-ice-briquetting-complete-set\/\" class=\"_self\" target=\"_self\" >Ensemble complet de briquettes de glace carbonique<\/a><\/h4><\/div><\/div> <div class=\"pt-cv-content-item pt-cv-1-col\" ><div class=\"pt-cv-thumb-wrapper\"><a href=\"https:\/\/dryice-equipment.com\/fr\/dry-ice-briquetting-machine\/\" class=\"_self pt-cv-href-thumbnail pt-cv-thumb-default\" target=\"_self\" ><img loading=\"lazy\" decoding=\"async\" width=\"720\" height=\"540\" src=\"https:\/\/dryice-equipment.com\/wp-content\/uploads\/2019\/05\/dry-ice-briquetting-machine-4.jpg\" class=\"pt-cv-thumbnail\" alt=\"machine \u00e0 briquettes de glace carbonique\" title=\"\"><\/a><\/div> <div class=\"pt-cv-remain-wrapper\"><h4 class=\"pt-cv-title\"><a href=\"https:\/\/dryice-equipment.com\/fr\/dry-ice-briquetting-machine\/\" class=\"_self\" target=\"_self\" >Machine \u00e0 briquettes de glace carbonique<\/a><\/h4><\/div><\/div> <div class=\"pt-cv-content-item pt-cv-1-col\" ><div class=\"pt-cv-thumb-wrapper\"><a href=\"https:\/\/dryice-equipment.com\/fr\/dry-ice-block-machine-for-sale\/\" class=\"_self pt-cv-href-thumbnail pt-cv-thumb-default\" target=\"_self\" ><img loading=\"lazy\" decoding=\"async\" width=\"768\" height=\"576\" src=\"https:\/\/dryice-equipment.com\/wp-content\/uploads\/2019\/05\/dry-ice-block-machine-768x576.jpg\" class=\"pt-cv-thumbnail\" alt=\"machine \u00e0 blocs de glace carbonique\" title=\"\"><\/a><\/div> <div class=\"pt-cv-remain-wrapper\"><h4 class=\"pt-cv-title\"><a href=\"https:\/\/dryice-equipment.com\/fr\/dry-ice-block-machine-for-sale\/\" class=\"_self\" target=\"_self\" >Machine \u00e0 blocs de glace carbonique<\/a><\/h4><\/div><\/div> <div class=\"pt-cv-content-item pt-cv-1-col\" ><div class=\"pt-cv-thumb-wrapper\"><a href=\"https:\/\/dryice-equipment.com\/fr\/multi-head-dry-ice-granular-machine\/\" class=\"_self pt-cv-href-thumbnail pt-cv-thumb-default\" target=\"_self\" ><img loading=\"lazy\" decoding=\"async\" width=\"720\" height=\"540\" src=\"https:\/\/dryice-equipment.com\/wp-content\/uploads\/2019\/05\/double-head-dry-ice-pelletizer-machine.webp\" class=\"pt-cv-thumbnail\" alt=\"machine de granulation de glace carbonique \u00e0 double t\u00eate\" title=\"\"><\/a><\/div> <div class=\"pt-cv-remain-wrapper\"><h4 class=\"pt-cv-title\"><a href=\"https:\/\/dryice-equipment.com\/fr\/multi-head-dry-ice-granular-machine\/\" class=\"_self\" target=\"_self\" >Machine de pelletisation de glace s\u00e8che \u00e0 double t\u00eate<\/a><\/h4><\/div><\/div><\/div><\/div> <\/div> <style>  #pt-cv-view-u1cf2srb .pt-cv-meta-fields {  }#pt-cv-view-u1cf2srb .pt-cv-meta-fields * { font-size: 13px; }#pt-cv-view-u1cf2srb .pt-cv-thumb-wrapper:not(.miniwrap) {  }#pt-cv-view-u1cf2srb .pt-cv-thumbnail:not(.pt-cv-thumbnailsm) { height: 250px; }#pt-cv-view-u1cf2srb .pt-cv-title a { display: block; }#pt-cv-view-u1cf2srb .pt-cv-title:not(.pt-cv-titlesm) a { font-weight: 600;text-decoration: none;font-size: 20px; }#pt-cv-view-u1cf2srb .pt-cv-titlesm a { font-weight: 600;font-size: 18px; }#pt-cv-view-u1cf2srb .pt-cv-content { font-size: 15px; }#pt-cv-view-u1cf2srb .pt-cv-rmwrap {  }#pt-cv-view-u1cf2srb .pt-cv-readmore { color: #fff;background-color: #0075ff;font-size: 14px; }#pt-cv-view-u1cf2srb .pt-cv-taxoterm {  }#pt-cv-view-u1cf2srb .pt-cv-taxoterm * { color: #222;background-color: #fff6f6;font-size: 14px; }#pt-cv-view-u1cf2srb + .pt-cv-pagination-wrapper {  }#pt-cv-view-u1cf2srb + .pt-cv-pagination-wrapper a { font-size: 14px; }#pt-cv-view-u1cf2srb > .pt-cv-page {grid-template-columns: repeat(3, 1fr);grid-gap: 20px;} @media all and (max-width: 1024px) {  #pt-cv-view-u1cf2srb > .pt-cv-page {} }  @media all and (max-width: 767px) {  #pt-cv-view-u1cf2srb > .pt-cv-page {grid-template-columns: repeat(1, 1fr);} } <\/style>   <h2 class=\"wp-block-heading has-text-align-center\" id=\"h-why-choose-us\">Pourquoi nous choisir?<\/h2>    <div class=\"wp-block-columns is-layout-flex wp-container-core-columns-is-layout-9d6595d7 wp-block-columns-is-layout-flex\"> <div class=\"wp-block-column is-layout-flow wp-block-column-is-layout-flow\"> <ol class=\"wp-block-list\"> <li>La technologie avanc\u00e9e des produits peut \u00e9conomiser beaucoup d'\u00e9nergie <\/li> <\/ol> <\/div>    <div class=\"wp-block-column is-layout-flow wp-block-column-is-layout-flow\"> <p> 2. Le produit de haute qualit\u00e9 a une dur\u00e9e de vie plus longue <\/p> <\/div> <\/div>    <div class=\"wp-block-columns is-layout-flex wp-container-core-columns-is-layout-9d6595d7 wp-block-columns-is-layout-flex\"> <div class=\"wp-block-column is-layout-flow wp-block-column-is-layout-flow\"> <p> 3. Large gamme d'applications adapt\u00e9es \u00e0 diverses industries <\/p> <\/div>    <div class=\"wp-block-column is-layout-flow wp-block-column-is-layout-flow\"> <p> 4. Gain de temps et \u00e9conomie d'\u00e9nergie <\/p> <\/div> <\/div>","protected":false},"excerpt":{"rendered":"<p class=\"translation-block\">Company Introduction Shuliy Machinery is a professional manufacturer &amp; supplier for dry ice machine with over 10 years of experience. The main equipment includes dry ice block machine, dry ice granular machine, dry ice washing machine, dry ice blasting machine, etc. Shuliy machines have been exported to a variety of &#8230; <a title=\"Shuliy machinery\" class=\"read-more\" href=\"https:\/\/dryice-equipment.com\/fr\/\" aria-label=\"En savoir plus sur Shuliy machinery\">Read more<\/a><\/p>","protected":false},"author":1,"featured_media":0,"parent":0,"menu_order":0,"comment_status":"closed","ping_status":"closed","template":"","meta":{"footnotes":""},"class_list":["post-214","page","type-page","status-publish"],"_links":{"self":[{"href":"https:\/\/dryice-equipment.com\/fr\/wp-json\/wp\/v2\/pages\/214","targetHints":{"allow":["GET"]}}],"collection":[{"href":"https:\/\/dryice-equipment.com\/fr\/wp-json\/wp\/v2\/pages"}],"about":[{"href":"https:\/\/dryice-equipment.com\/fr\/wp-json\/wp\/v2\/types\/page"}],"author":[{"embeddable":true,"href":"https:\/\/dryice-equipment.com\/fr\/wp-json\/wp\/v2\/users\/1"}],"replies":[{"embeddable":true,"href":"https:\/\/dryice-equipment.com\/fr\/wp-json\/wp\/v2\/comments?post=214"}],"version-history":[{"count":0,"href":"https:\/\/dryice-equipment.com\/fr\/wp-json\/wp\/v2\/pages\/214\/revisions"}],"wp:attachment":[{"href":"https:\/\/dryice-equipment.com\/fr\/wp-json\/wp\/v2\/media?parent=214"}],"curies":[{"name":"wp","href":"https:\/\/api.w.org\/{rel}","templated":true}]}}