{"id":432,"date":"2019-05-20T01:43:34","date_gmt":"2019-05-20T01:43:34","guid":{"rendered":"https:\/\/2.dry-ice-machine.com\/?page_id=432"},"modified":"2024-05-21T09:34:08","modified_gmt":"2024-05-21T01:34:08","slug":"service","status":"publish","type":"page","link":"https:\/\/dryice-equipment.com\/fr\/service\/","title":{"rendered":"service"},"content":{"rendered":"<h2>Avant-vente<\/h2>    <ol class=\"wp-block-list\"><li>Nous fournissons des informations professionnelles sur les machines \u00e0 glace carbonique, une qualit\u00e9 de produit qualifi\u00e9e et une assistance technique avanc\u00e9e.<\/li><li>Montrez au client les r\u00e9sultats des tests du produit. Aidez les clients \u00e0 tester la machine en fonction de diff\u00e9rentes mati\u00e8res premi\u00e8res et des besoins du client.<\/li><li>Cr\u00e9er des dessins et des dessins 3D selon les besoins du client, aider les clients \u00e0 concevoir l'am\u00e9nagement de l'usine<\/li><li>Aidez les clients \u00e0 v\u00e9rifier le fret maritime, le fret a\u00e9rien, etc., \u00e0 r\u00e9duire les probl\u00e8mes des clients<\/li><li>Aidez les clients \u00e0 r\u00e9pondre aux questions li\u00e9es aux machines<\/li><\/ol>    <div class=\"wp-block-columns has-2-columns is-layout-flex wp-container-core-columns-is-layout-9d6595d7 wp-block-columns-is-layout-flex\"> <div class=\"wp-block-column is-layout-flow wp-block-column-is-layout-flow\"> <figure class=\"wp-block-image\"><img loading=\"lazy\" decoding=\"async\" width=\"500\" height=\"500\" src=\"https:\/\/dryice-equipment.com\/wp-content\/uploads\/2019\/05\/factory-2.jpg\" alt=\"\" class=\"wp-image-605\" title=\"\" srcset=\"https:\/\/dryice-equipment.com\/wp-content\/uploads\/2019\/05\/factory-2.jpg 500w, https:\/\/dryice-equipment.com\/wp-content\/uploads\/2019\/05\/factory-2-150x150.jpg 150w, https:\/\/dryice-equipment.com\/wp-content\/uploads\/2019\/05\/factory-2-300x300.jpg 300w\" sizes=\"auto, (max-width: 500px) 100vw, 500px\" \/><figcaption>Machine \u00e0 glace carbonique<\/figcaption><\/figure>    <p style=\"text-align:center\">Exposition d'usine de machine \u00e0 blocs de glace carbonique<\/p> <\/div>    <div class=\"wp-block-column is-layout-flow wp-block-column-is-layout-flow\"> <figure class=\"wp-block-image\"><img loading=\"lazy\" decoding=\"async\" width=\"500\" height=\"500\" src=\"https:\/\/dryice-equipment.com\/wp-content\/uploads\/2019\/05\/factory-4.jpg\" alt=\"\" class=\"wp-image-607\" title=\"\" srcset=\"https:\/\/dryice-equipment.com\/wp-content\/uploads\/2019\/05\/factory-4.jpg 500w, https:\/\/dryice-equipment.com\/wp-content\/uploads\/2019\/05\/factory-4-150x150.jpg 150w, https:\/\/dryice-equipment.com\/wp-content\/uploads\/2019\/05\/factory-4-300x300.jpg 300w\" sizes=\"auto, (max-width: 500px) 100vw, 500px\" \/><figcaption>Machine \u00e0 glace carbonique<\/figcaption><\/figure>    <p style=\"text-align:center\">Salon de l'usine de stockage de glace carbonique<\/p> <\/div> <\/div>       <h2>Apr\u00e8s vente<\/h2>    <ol class=\"wp-block-list\"><li>Nous organiserons le transport de la machine et informerons la machine client du message logistique \u00e0 temps.<\/li><li>Garantie dans un d\u00e9lai d'un an, la machine comporte toutes les pi\u00e8ces r\u00e9parables<\/li><li>Nous pouvons apprendre aux clients \u00e0 installer par vid\u00e9o.&nbsp;<\/li><li>Consultation technique : Si vous rencontrez des probl\u00e8mes lors du fonctionnement de la machine, n'h\u00e9sitez pas \u00e0 nous contacter, nous fournissons des instructions en ligne au cours d'une journ\u00e9e de travail normale, ou notre personnel professionnel vous fournira une assistance technique personnalis\u00e9e en fonction de votre situation pratique.<\/li><li>Maintenance\u00a0: Nous pouvons vous proposer des conseils de maintenance d\u00e9taill\u00e9s en vous envoyant une brochure sur les produits. Assurez-vous d'avoir lu le manuel du propri\u00e9taire et de suivre les \u00e9tapes pendant le fonctionnement. Un entretien r\u00e9gulier de la machine peut prolonger la dur\u00e9e de vie de la machine afin d'\u00e9conomiser votre investissement en r\u00e9paration.<\/li><li>Composants\u00a0: Les composants suppl\u00e9mentaires ne sont pas gratuits, mais nous pouvons vous garantir que tous les composants sont fabriqu\u00e9s en r\u00e9pondant strictement aux exigences d'un contrat et aux normes nationales pertinentes en mati\u00e8re d'exportation d'articles.<\/li><\/ol>    <div class=\"wp-block-columns has-2-columns is-layout-flex wp-container-core-columns-is-layout-9d6595d7 wp-block-columns-is-layout-flex\"> <div class=\"wp-block-column is-layout-flow wp-block-column-is-layout-flow\"> <figure class=\"wp-block-image\"><img loading=\"lazy\" decoding=\"async\" width=\"500\" height=\"500\" src=\"https:\/\/dryice-equipment.com\/wp-content\/uploads\/2019\/05\/factory-3.jpg\" alt=\"\" class=\"wp-image-606\" title=\"\" srcset=\"https:\/\/dryice-equipment.com\/wp-content\/uploads\/2019\/05\/factory-3.jpg 500w, https:\/\/dryice-equipment.com\/wp-content\/uploads\/2019\/05\/factory-3-150x150.jpg 150w, https:\/\/dryice-equipment.com\/wp-content\/uploads\/2019\/05\/factory-3-300x300.jpg 300w\" sizes=\"auto, (max-width: 500px) 100vw, 500px\" \/><figcaption>Machine \u00e0 glace carbonique<\/figcaption><\/figure>    <p style=\"text-align:center\">Salon de l'usine de machines granulaires de glace carbonique <\/p> <\/div>    <div class=\"wp-block-column is-layout-flow wp-block-column-is-layout-flow\"> <figure class=\"wp-block-image\"><img loading=\"lazy\" decoding=\"async\" width=\"500\" height=\"500\" src=\"https:\/\/dryice-equipment.com\/wp-content\/uploads\/2019\/05\/factory-1.jpg\" alt=\"\" class=\"wp-image-604\" title=\"\" srcset=\"https:\/\/dryice-equipment.com\/wp-content\/uploads\/2019\/05\/factory-1.jpg 500w, https:\/\/dryice-equipment.com\/wp-content\/uploads\/2019\/05\/factory-1-150x150.jpg 150w, https:\/\/dryice-equipment.com\/wp-content\/uploads\/2019\/05\/factory-1-300x300.jpg 300w\" sizes=\"auto, (max-width: 500px) 100vw, 500px\" \/><figcaption>Machine \u00e0 glace carbonique<\/figcaption><\/figure>    <p style=\"text-align:center\">Exposition d'usine de bo\u00eetes de conservation de la chaleur de glace carbonique<\/p> <\/div> <\/div>","protected":false},"excerpt":{"rendered":"<p class=\"translation-block\">Avant-vente Nous fournissons des informations professionnelles sur les machines \u00e0 glace carbonique, une qualit\u00e9 de produit qualifi\u00e9e et un support technique avanc\u00e9. Montrer au client les r\u00e9sultats des tests du produit. Aider les clients \u00e0 tester la machine en fonction de diff\u00e9rentes mati\u00e8res premi\u00e8res et des besoins du client. Cr\u00e9er des dessins et des dessins en 3D selon les besoins du client, aider les clients \u00e0 concevoir l'agencement de l'usine\u2026 <a title=\"service\" class=\"read-more\" href=\"https:\/\/dryice-equipment.com\/fr\/service\/\" aria-label=\"En savoir plus sur service\">Read more<\/a><\/p>","protected":false},"author":1,"featured_media":0,"parent":0,"menu_order":0,"comment_status":"closed","ping_status":"closed","template":"","meta":{"footnotes":""},"class_list":["post-432","page","type-page","status-publish"],"_links":{"self":[{"href":"https:\/\/dryice-equipment.com\/fr\/wp-json\/wp\/v2\/pages\/432","targetHints":{"allow":["GET"]}}],"collection":[{"href":"https:\/\/dryice-equipment.com\/fr\/wp-json\/wp\/v2\/pages"}],"about":[{"href":"https:\/\/dryice-equipment.com\/fr\/wp-json\/wp\/v2\/types\/page"}],"author":[{"embeddable":true,"href":"https:\/\/dryice-equipment.com\/fr\/wp-json\/wp\/v2\/users\/1"}],"replies":[{"embeddable":true,"href":"https:\/\/dryice-equipment.com\/fr\/wp-json\/wp\/v2\/comments?post=432"}],"version-history":[{"count":0,"href":"https:\/\/dryice-equipment.com\/fr\/wp-json\/wp\/v2\/pages\/432\/revisions"}],"wp:attachment":[{"href":"https:\/\/dryice-equipment.com\/fr\/wp-json\/wp\/v2\/media?parent=432"}],"curies":[{"name":"wp","href":"https:\/\/api.w.org\/{rel}","templated":true}]}}