{"id":595,"date":"2019-05-21T09:30:53","date_gmt":"2019-05-21T09:30:53","guid":{"rendered":"https:\/\/2.dry-ice-machine.com\/?page_id=595"},"modified":"2024-05-21T09:34:09","modified_gmt":"2024-05-21T01:34:09","slug":"spare-parts","status":"publish","type":"page","link":"https:\/\/dryice-equipment.com\/fr\/spare-parts\/","title":{"rendered":"Des pi\u00e8ces de rechange"},"content":{"rendered":"<p style=\"color:#0273a4\" class=\"has-text-color\"><h2>Machine de fabrication de glace carbonique<\/h2><\/p>    <div class=\"wp-block-columns has-2-columns is-layout-flex wp-container-core-columns-is-layout-9d6595d7 wp-block-columns-is-layout-flex\"> <div class=\"wp-block-column is-layout-flow wp-block-column-is-layout-flow\"> <figure class=\"wp-block-image\"><img loading=\"lazy\" decoding=\"async\" width=\"500\" height=\"500\" src=\"https:\/\/dryice-equipment.com\/wp-content\/uploads\/2019\/05\/dry-ice-machine-spare-parts-4.jpg\" alt=\"\" class=\"wp-image-617\" title=\"\" srcset=\"https:\/\/dryice-equipment.com\/wp-content\/uploads\/2019\/05\/dry-ice-machine-spare-parts-4.jpg 500w, https:\/\/dryice-equipment.com\/wp-content\/uploads\/2019\/05\/dry-ice-machine-spare-parts-4-150x150.jpg 150w, https:\/\/dryice-equipment.com\/wp-content\/uploads\/2019\/05\/dry-ice-machine-spare-parts-4-300x300.jpg 300w\" sizes=\"auto, (max-width: 500px) 100vw, 500px\" \/><figcaption>Pi\u00e8ces de rechange pour machine \u00e0 glace carbonique <\/figcaption><\/figure>    <p style=\"text-align:left\" class=\"translation-block\"><strong>Moule de machine \u00e0 glace carbonique granulaire<\/strong> : C'est une partie importante de la machine, qui d\u00e9termine le diam\u00e8tre des particules de glace carbonique. Il est enti\u00e8rement en acier inoxydable. Par cons\u00e9quent, les granul\u00e9s de glace carbonique produits sont sains.<\/p> <\/div>    <div class=\"wp-block-column is-layout-flow wp-block-column-is-layout-flow\"> <figure class=\"wp-block-image\"><img loading=\"lazy\" decoding=\"async\" width=\"500\" height=\"500\" src=\"https:\/\/dryice-equipment.com\/wp-content\/uploads\/2019\/05\/spare-parts.jpg\" alt=\"\" class=\"wp-image-638\" title=\"\" srcset=\"https:\/\/dryice-equipment.com\/wp-content\/uploads\/2019\/05\/spare-parts.jpg 500w, https:\/\/dryice-equipment.com\/wp-content\/uploads\/2019\/05\/spare-parts-150x150.jpg 150w, https:\/\/dryice-equipment.com\/wp-content\/uploads\/2019\/05\/spare-parts-300x300.jpg 300w\" sizes=\"auto, (max-width: 500px) 100vw, 500px\" \/><figcaption>Des pi\u00e8ces de rechange<\/figcaption><\/figure>    <p class=\"translation-block\"><strong>Tuyau<\/strong> : Le but de ce tuyau est de transporter le dioxyde de carbone du conteneur de Co2 \u00e0 la machine \u00e0 glace carbonique. Le gaz Co2 sort par un tuyau avec bride, ce qui facilite la r\u00e9cup\u00e9ration si n\u00e9cessaire. La sortie d'air doit rester ouverte.<\/p> <\/div> <\/div>    <p><\/p>    <div class=\"wp-block-columns has-2-columns is-layout-flex wp-container-core-columns-is-layout-9d6595d7 wp-block-columns-is-layout-flex\"> <div class=\"wp-block-column is-layout-flow wp-block-column-is-layout-flow\"> <figure class=\"wp-block-image\"><img loading=\"lazy\" decoding=\"async\" width=\"500\" height=\"500\" src=\"https:\/\/dryice-equipment.com\/wp-content\/uploads\/2019\/05\/dry-ice-machine-spare-parts-5.jpg\" alt=\"\" class=\"wp-image-618\" title=\"\" srcset=\"https:\/\/dryice-equipment.com\/wp-content\/uploads\/2019\/05\/dry-ice-machine-spare-parts-5.jpg 500w, https:\/\/dryice-equipment.com\/wp-content\/uploads\/2019\/05\/dry-ice-machine-spare-parts-5-150x150.jpg 150w, https:\/\/dryice-equipment.com\/wp-content\/uploads\/2019\/05\/dry-ice-machine-spare-parts-5-300x300.jpg 300w\" sizes=\"auto, (max-width: 500px) 100vw, 500px\" \/><figcaption>Pi\u00e8ces de rechange pour machine \u00e0 glace carbonique <\/figcaption><\/figure>    <p class=\"translation-block\"><strong>Moteur<\/strong> : C'est le moteur de la machine \u00e0 glace carbonique, qui joue un r\u00f4le important dans la machine. Veuillez observer si le moteur tourne dans le sens des aiguilles d'une montre lors du premier d\u00e9marrage.<\/p> <\/div>    <div class=\"wp-block-column is-layout-flow wp-block-column-is-layout-flow\"> <figure class=\"wp-block-image\"><img loading=\"lazy\" decoding=\"async\" width=\"500\" height=\"500\" src=\"https:\/\/dryice-equipment.com\/wp-content\/uploads\/2019\/05\/dry-ice-machine-spare-parts-7.jpg\" alt=\"\" class=\"wp-image-620\" title=\"\" srcset=\"https:\/\/dryice-equipment.com\/wp-content\/uploads\/2019\/05\/dry-ice-machine-spare-parts-7.jpg 500w, https:\/\/dryice-equipment.com\/wp-content\/uploads\/2019\/05\/dry-ice-machine-spare-parts-7-150x150.jpg 150w, https:\/\/dryice-equipment.com\/wp-content\/uploads\/2019\/05\/dry-ice-machine-spare-parts-7-300x300.jpg 300w\" sizes=\"auto, (max-width: 500px) 100vw, 500px\" \/><figcaption>Pi\u00e8ces de rechange pour machine \u00e0 glace carbonique <\/figcaption><\/figure>    <p class=\"translation-block\"><strong>Ventilateur<\/strong> : Pendant le processus de production de la machine, celle-ci g\u00e9n\u00e8re une certaine quantit\u00e9 de chaleur due au frottement, etc. Par cons\u00e9quent, la fonction du ventilateur est de dissiper la chaleur et d'assurer l'utilisation de la machine.<\/p> <\/div> <\/div>    <div class=\"wp-block-columns has-2-columns is-layout-flex wp-container-core-columns-is-layout-9d6595d7 wp-block-columns-is-layout-flex\"> <div class=\"wp-block-column is-layout-flow wp-block-column-is-layout-flow\"> <figure class=\"wp-block-image\"><img loading=\"lazy\" decoding=\"async\" width=\"500\" height=\"500\" src=\"https:\/\/dryice-equipment.com\/wp-content\/uploads\/2019\/05\/dry-ice-machine-spare-parts-2.jpg\" alt=\"\" class=\"wp-image-615\" title=\"\" srcset=\"https:\/\/dryice-equipment.com\/wp-content\/uploads\/2019\/05\/dry-ice-machine-spare-parts-2.jpg 500w, https:\/\/dryice-equipment.com\/wp-content\/uploads\/2019\/05\/dry-ice-machine-spare-parts-2-150x150.jpg 150w, https:\/\/dryice-equipment.com\/wp-content\/uploads\/2019\/05\/dry-ice-machine-spare-parts-2-300x300.jpg 300w\" sizes=\"auto, (max-width: 500px) 100vw, 500px\" \/><figcaption>Pi\u00e8ces de rechange pour machine \u00e0 glace carbonique <\/figcaption><\/figure>    <p class=\"translation-block\"><strong>Conteneur de CO\u2082<\/strong> : Le dioxyde de carbone est collect\u00e9 \u00e0 partir de diverses sources. Ensuite, il est transform\u00e9 en granul\u00e9s de glace liquide ou en blocs de glace carbonique, ce qui permet la r\u00e9utilisation du dioxyde de carbone. G\u00e9n\u00e9ralement, il existe une usine qui vend du dioxyde de carbone exclusivement.                                          <\/p>    <figure class=\"wp-block-image\"><img loading=\"lazy\" decoding=\"async\" width=\"500\" height=\"500\" src=\"https:\/\/dryice-equipment.com\/wp-content\/uploads\/2019\/05\/dry-ice-machine-spare-parts-8.jpg\" alt=\"\" class=\"wp-image-621\" title=\"\" srcset=\"https:\/\/dryice-equipment.com\/wp-content\/uploads\/2019\/05\/dry-ice-machine-spare-parts-8.jpg 500w, https:\/\/dryice-equipment.com\/wp-content\/uploads\/2019\/05\/dry-ice-machine-spare-parts-8-150x150.jpg 150w, https:\/\/dryice-equipment.com\/wp-content\/uploads\/2019\/05\/dry-ice-machine-spare-parts-8-300x300.jpg 300w\" sizes=\"auto, (max-width: 500px) 100vw, 500px\" \/><figcaption>Pi\u00e8ces de rechange pour machine \u00e0 glace carbonique <\/figcaption><\/figure>    <p class=\"translation-block\"><strong>Orifice de sortie<\/strong> : Le diam\u00e8tre de l'orifice de sortie peut \u00eatre personnalis\u00e9 selon les exigences du client. Habituellement, le diam\u00e8tre varie de 3 \u00e0 19 mm. Les mati\u00e8res premi\u00e8res de dioxyde de carbone dans la tuyauterie doivent \u00eatre vid\u00e9es apr\u00e8s la mise hors service de la machine. <\/p> <\/div>    <div class=\"wp-block-column is-layout-flow wp-block-column-is-layout-flow\"> <figure class=\"wp-block-image\"><img loading=\"lazy\" decoding=\"async\" width=\"500\" height=\"500\" src=\"https:\/\/dryice-equipment.com\/wp-content\/uploads\/2019\/05\/dry-ice-machine-spare-parts-6.jpg\" alt=\"\" class=\"wp-image-619\" title=\"\" srcset=\"https:\/\/dryice-equipment.com\/wp-content\/uploads\/2019\/05\/dry-ice-machine-spare-parts-6.jpg 500w, https:\/\/dryice-equipment.com\/wp-content\/uploads\/2019\/05\/dry-ice-machine-spare-parts-6-150x150.jpg 150w, https:\/\/dryice-equipment.com\/wp-content\/uploads\/2019\/05\/dry-ice-machine-spare-parts-6-300x300.jpg 300w\" sizes=\"auto, (max-width: 500px) 100vw, 500px\" \/><figcaption>Pi\u00e8ces de rechange pour machine \u00e0 glace carbonique <\/figcaption><\/figure>    <p class=\"translation-block\"><strong>Transformateur<\/strong> : Sa fonction principale est la conversion de tension. Comme les tensions dans les diff\u00e9rents pays sont diff\u00e9rentes, pour une utilisation normale de la machine, la tension de la machine doit \u00eatre coh\u00e9rente avec la tension locale du client.<\/p>    <figure class=\"wp-block-image\"><img loading=\"lazy\" decoding=\"async\" width=\"500\" height=\"500\" src=\"https:\/\/dryice-equipment.com\/wp-content\/uploads\/2019\/05\/dry-ice-machine-spare-parts-1.jpg\" alt=\"\" class=\"wp-image-614\" title=\"\" srcset=\"https:\/\/dryice-equipment.com\/wp-content\/uploads\/2019\/05\/dry-ice-machine-spare-parts-1.jpg 500w, https:\/\/dryice-equipment.com\/wp-content\/uploads\/2019\/05\/dry-ice-machine-spare-parts-1-150x150.jpg 150w, https:\/\/dryice-equipment.com\/wp-content\/uploads\/2019\/05\/dry-ice-machine-spare-parts-1-300x300.jpg 300w\" sizes=\"auto, (max-width: 500px) 100vw, 500px\" \/><figcaption>Pi\u00e8ces de rechange pour machine \u00e0 glace carbonique <\/figcaption><\/figure>    <p class=\"translation-block\"><strong>Panneau de commande :<\/strong> Il peut contr\u00f4ler toutes les \u00e9tapes de production de la machine. Par exemple, le temps d'alimentation, le temps de retour du cylindre principal et le temps de fermeture, etc. Vous pouvez choisir le fonctionnement manuel ou automatique. Si vous souhaitez un fonctionnement automatique, il suffit de r\u00e9gler tous les param\u00e8tres.<\/p> <\/div> <\/div>    <p style=\"color:#218dbb\" class=\"has-text-color\"><h2>Machine de projection de glace carbonique<\/h2><\/p>    <figure class=\"wp-block-image\"><img loading=\"lazy\" decoding=\"async\" width=\"750\" height=\"500\" src=\"https:\/\/dryice-equipment.com\/wp-content\/uploads\/2019\/05\/dry-ice-machine-spare-parts-9.jpg\" alt=\"\" class=\"wp-image-622\" title=\"\" srcset=\"https:\/\/dryice-equipment.com\/wp-content\/uploads\/2019\/05\/dry-ice-machine-spare-parts-9.jpg 750w, https:\/\/dryice-equipment.com\/wp-content\/uploads\/2019\/05\/dry-ice-machine-spare-parts-9-300x200.jpg 300w\" sizes=\"auto, (max-width: 750px) 100vw, 750px\" \/><figcaption>Pi\u00e8ces de rechange pour machine \u00e0 glace carbonique <\/figcaption><\/figure>    <p>Tuyau de projection de glace : le tuyau de projection de glace est constitu\u00e9 d'un tuyau en caoutchouc r\u00e9sistant aux basses temp\u00e9ratures et une housse de protection Oxford est ajout\u00e9e \u00e0 l'ext\u00e9rieur. En raison de la temp\u00e9rature des granul\u00e9s de glace carbonique est d'environ -78 \u2103, le tuyau doit \u00eatre fabriqu\u00e9 en caoutchouc r\u00e9sistant aux basses temp\u00e9ratures pour garantir une utilisation normale de la machine. <\/p>    <div class=\"table_grad scroll_tablex\">       <table class=\"table_tab responsive\"><tbody><tr><td>Mod\u00e8le<\/td><td>Mod\u00e8les applicables (machine \u00e0 glace carbonique)<\/td><td>Filetage du connecteur<\/td><td>Longueur<\/td><\/tr><tr><td>SL-1<\/td><td>SL-550<\/td><td>3\/4\u2033<\/td><td>7m<\/td><\/tr><tr><td>SL-2<\/td><td>SL-550<\/td><td>1\"<\/td><td>7m<\/td><\/tr><\/tbody><\/table><\/div>    <p>Tuyau d'air\u00a0: l'h\u00f4te d'air est en caoutchouc avec une pression de 8,0\u00a0MPa. Il connecte l'air comprim\u00e9 propre \u00e0 sec et la machine \u00e0 glace carbonique. Il y a des joints rotatifs aux deux extr\u00e9mit\u00e9s, faciles \u00e0 installer, d\u00e9tachables et rempla\u00e7ables.<\/p>    <div class=\"table_grad scroll_tablex\">       <table class=\"table_tab responsive\"><tbody><tr><td>Mod\u00e8le<\/td><td>Mod\u00e8les applicables (machine \u00e0 glace carbonique)<\/td><td>Filetage du connecteur<\/td><td>Longueur<\/td><\/tr><tr><td>SL-1<\/td><td>SL-550<\/td><td>3\/4\u2033<\/td><td>9m<\/td><\/tr><tr><td>SL-2<\/td><td>SL-550<\/td><td>1\"<\/td><td>9m<\/td><\/tr><\/tbody><\/table><\/div>    <p><\/p>","protected":false},"excerpt":{"rendered":"<p class=\"translation-block\">Machine \u00e0 glace carbonique Machine \u00e0 granul\u00e9s de glace carbonique\u00a0: C'est une partie importante de la machine, qui d\u00e9termine le diam\u00e8tre des particules de glace carbonique. Elle est enti\u00e8rement fabriqu\u00e9e en acier inoxydable. Par cons\u00e9quent, les granul\u00e9s de glace carbonique produits sont sains. Tuyau\u00a0: Le but de ce tuyau est de transporter le dioxyde de carbone de\u2026 <a title=\"Pi\u00e8ces de rechange\" class=\"read-more\" href=\"https:\/\/dryice-equipment.com\/fr\/spare-parts\/\" aria-label=\"En savoir plus sur Pi\u00e8ces de rechange\">Lire la suite<\/a><\/p>","protected":false},"author":1,"featured_media":0,"parent":0,"menu_order":0,"comment_status":"closed","ping_status":"closed","template":"","meta":{"footnotes":""},"class_list":["post-595","page","type-page","status-publish"],"_links":{"self":[{"href":"https:\/\/dryice-equipment.com\/fr\/wp-json\/wp\/v2\/pages\/595","targetHints":{"allow":["GET"]}}],"collection":[{"href":"https:\/\/dryice-equipment.com\/fr\/wp-json\/wp\/v2\/pages"}],"about":[{"href":"https:\/\/dryice-equipment.com\/fr\/wp-json\/wp\/v2\/types\/page"}],"author":[{"embeddable":true,"href":"https:\/\/dryice-equipment.com\/fr\/wp-json\/wp\/v2\/users\/1"}],"replies":[{"embeddable":true,"href":"https:\/\/dryice-equipment.com\/fr\/wp-json\/wp\/v2\/comments?post=595"}],"version-history":[{"count":0,"href":"https:\/\/dryice-equipment.com\/fr\/wp-json\/wp\/v2\/pages\/595\/revisions"}],"wp:attachment":[{"href":"https:\/\/dryice-equipment.com\/fr\/wp-json\/wp\/v2\/media?parent=595"}],"curies":[{"name":"wp","href":"https:\/\/api.w.org\/{rel}","templated":true}]}}