{"id":214,"date":"2019-05-13T07:23:41","date_gmt":"2019-05-13T07:23:41","guid":{"rendered":"https:\/\/www.dry-ice-machine.com\/?page_id=214"},"modified":"2025-12-19T10:00:19","modified_gmt":"2025-12-19T02:00:19","slug":"index","status":"publish","type":"page","link":"https:\/\/dryice-equipment.com\/pt\/","title":{"rendered":"M\u00e1quinas Shuliy"},"content":{"rendered":"<div class=\"wp-block-columns has-2-columns is-layout-flex wp-container-core-columns-is-layout-9d6595d7 wp-block-columns-is-layout-flex\"> <div class=\"wp-block-column is-layout-flow wp-block-column-is-layout-flow\"> <h2 class=\"wp-block-heading has-text-align-center\" id=\"h-company-introduction\">Introdu\u00e7\u00e3o da empresa<\/h2>    <p>Shuliy Machinery \u00e9 um fabricante e fornecedor profissional de m\u00e1quinas de gelo seco com mais de 10 anos de experi\u00eancia. O equipamento principal inclui m\u00e1quina de bloco de gelo seco, m\u00e1quina granular de gelo seco, m\u00e1quina de lavar gelo seco, m\u00e1quina de jateamento de gelo seco, etc.<\/p>    <p>As m\u00e1quinas Shuliy t\u00eam sido exportadas para uma variedade de pa\u00edses e regi\u00f5es, como os Estados Unidos, Brasil, Cuba, Col\u00f4mbia, Chile, M\u00e9xico, Venezuela, Peru, Filipinas, Cazaquist\u00e3o, R\u00fassia, Ar\u00e1bia Saudita, Israel, Singapura, Nig\u00e9ria, Gana, Sud\u00e3o, \u00c1frica do Sul, Sri Lanka, Turquia e outros pa\u00edses e regi\u00f5es ao redor do mundo. A nossa empresa adota a tecnologia mais recente e est\u00e1 em constante melhoria.<\/p>    <p>At\u00e9 agora, nossas m\u00e1quinas de gelo seco de alta qualidade est\u00e3o em alta venda, o que goza de boa reputa\u00e7\u00e3o entre nossos clientes nacionais e estrangeiros. Congratulamo-nos com clientes, associa\u00e7\u00f5es empresariais e amigos de todas as partes do mundo para nos contactar e procurar coopera\u00e7\u00e3o de longa data para benef\u00edcios m\u00fatuos.<\/p>    <p>N\u00f3s adotamos \"Qualidade em Primeiro Lugar e Cliente Supremo\" como a nossa filosofia de neg\u00f3cio, seguimos a ideia de neg\u00f3cio \"Honestidade e Excel\u00eancia\" e o esp\u00edrito de \"Praticidade e Inova\u00e7\u00e3o\". <\/p> <\/div>    <div class=\"wp-block-column is-vertically-aligned-center is-layout-flow wp-block-column-is-layout-flow\"> <figure class=\"wp-block-image size-full\"><img loading=\"lazy\" decoding=\"async\" width=\"750\" height=\"750\" src=\"https:\/\/dryice-equipment.com\/wp-content\/uploads\/2025\/12\/Company-certificate.webp\" alt=\"Certificado da empresa\" class=\"wp-image-19621\" title=\"\" srcset=\"https:\/\/dryice-equipment.com\/wp-content\/uploads\/2025\/12\/Company-certificate.webp 750w, https:\/\/dryice-equipment.com\/wp-content\/uploads\/2025\/12\/Company-certificate-300x300.webp 300w, https:\/\/dryice-equipment.com\/wp-content\/uploads\/2025\/12\/Company-certificate-150x150.webp 150w, https:\/\/dryice-equipment.com\/wp-content\/uploads\/2025\/12\/Company-certificate-12x12.webp 12w\" sizes=\"auto, (max-width: 750px) 100vw, 750px\" \/><\/figure> <\/div> <\/div>   <div class='pt-cv-wrapper'> <h3 class='pt-cv-heading-container heading1' data-blockid='u1cf2srb'><span class='pt-cv-heading'> Produtos em alta <\/span><\/h3><div class=\"pt-cv-view pt-cv-blockgrid iscvblock iscvreal grid1 layout2\" id=\"pt-cv-view-u1cf2srb\"><div data-id=\"pt-cv-page-1\" class=\"pt-cv-page\" data-cvc=\"3\"><div class=\"pt-cv-content-item pt-cv-1-col\" ><div class=\"pt-cv-thumb-wrapper\"><a href=\"https:\/\/dryice-equipment.com\/pt\/dry-ice-blasting-machine-manufacturer\/\" class=\"_self pt-cv-href-thumbnail pt-cv-thumb-default\" target=\"_self\" ><img loading=\"lazy\" decoding=\"async\" width=\"720\" height=\"540\" src=\"https:\/\/dryice-equipment.com\/wp-content\/uploads\/2022\/03\/new-type-dry-ice-cleaning-machine.webp\" class=\"pt-cv-thumbnail\" alt=\"novo tipo de m\u00e1quina de limpeza de gelo seco\" title=\"\"><\/a><\/div> <div class=\"pt-cv-remain-wrapper\"><h4 class=\"pt-cv-title\"><a href=\"https:\/\/dryice-equipment.com\/pt\/dry-ice-blasting-machine-manufacturer\/\" class=\"_self\" target=\"_self\" >Novo tipo de m\u00e1quina de limpeza de gelo seco\u00a0<\/a><\/h4><\/div><\/div> <div class=\"pt-cv-content-item pt-cv-1-col\" ><div class=\"pt-cv-thumb-wrapper\"><a href=\"https:\/\/dryice-equipment.com\/pt\/dry-ice-pellet-machine\/\" class=\"_self pt-cv-href-thumbnail pt-cv-thumb-default\" target=\"_self\" ><img loading=\"lazy\" decoding=\"async\" width=\"750\" height=\"750\" src=\"https:\/\/dryice-equipment.com\/wp-content\/uploads\/2021\/12\/Dry-Ice-Pellet-Machine.jpg\" class=\"pt-cv-thumbnail\" alt=\"M\u00e1quina de pellets de gelo seco\" title=\"\"><\/a><\/div> <div class=\"pt-cv-remain-wrapper\"><h4 class=\"pt-cv-title\"><a href=\"https:\/\/dryice-equipment.com\/pt\/dry-ice-pellet-machine\/\" class=\"_self\" target=\"_self\" >M\u00e1quina de pellets de gelo seco | M\u00e1quina de gelo seco peletizada (3-19mm)<\/a><\/h4><\/div><\/div> <div class=\"pt-cv-content-item pt-cv-1-col\" ><div class=\"pt-cv-thumb-wrapper\"><a href=\"https:\/\/dryice-equipment.com\/pt\/dry-ice-briquetting-complete-set\/\" class=\"_self pt-cv-href-thumbnail pt-cv-thumb-default\" target=\"_self\" ><img loading=\"lazy\" decoding=\"async\" width=\"768\" height=\"576\" src=\"https:\/\/dryice-equipment.com\/wp-content\/uploads\/2019\/05\/dry-ice-briquetting-complete-set-768x576.jpg\" class=\"pt-cv-thumbnail\" alt=\"\" title=\"\"><\/a><\/div> <div class=\"pt-cv-remain-wrapper\"><h4 class=\"pt-cv-title\"><a href=\"https:\/\/dryice-equipment.com\/pt\/dry-ice-briquetting-complete-set\/\" class=\"_self\" target=\"_self\" >Conjunto completo de briquetagem com gelo seco<\/a><\/h4><\/div><\/div> <div class=\"pt-cv-content-item pt-cv-1-col\" ><div class=\"pt-cv-thumb-wrapper\"><a href=\"https:\/\/dryice-equipment.com\/pt\/dry-ice-briquetting-machine\/\" class=\"_self pt-cv-href-thumbnail pt-cv-thumb-default\" target=\"_self\" ><img loading=\"lazy\" decoding=\"async\" width=\"720\" height=\"540\" src=\"https:\/\/dryice-equipment.com\/wp-content\/uploads\/2019\/05\/dry-ice-briquetting-machine-4.jpg\" class=\"pt-cv-thumbnail\" alt=\"m\u00e1quina de briquetagem de gelo seco\" title=\"\"><\/a><\/div> <div class=\"pt-cv-remain-wrapper\"><h4 class=\"pt-cv-title\"><a href=\"https:\/\/dryice-equipment.com\/pt\/dry-ice-briquetting-machine\/\" class=\"_self\" target=\"_self\" >M\u00e1quina de briquetagem de gelo seco<\/a><\/h4><\/div><\/div> <div class=\"pt-cv-content-item pt-cv-1-col\" ><div class=\"pt-cv-thumb-wrapper\"><a href=\"https:\/\/dryice-equipment.com\/pt\/dry-ice-block-machine-for-sale\/\" class=\"_self pt-cv-href-thumbnail pt-cv-thumb-default\" target=\"_self\" ><img loading=\"lazy\" decoding=\"async\" width=\"768\" height=\"576\" src=\"https:\/\/dryice-equipment.com\/wp-content\/uploads\/2019\/05\/dry-ice-block-machine-768x576.jpg\" class=\"pt-cv-thumbnail\" alt=\"m\u00e1quina de bloco de gelo seco\" title=\"\"><\/a><\/div> <div class=\"pt-cv-remain-wrapper\"><h4 class=\"pt-cv-title\"><a href=\"https:\/\/dryice-equipment.com\/pt\/dry-ice-block-machine-for-sale\/\" class=\"_self\" target=\"_self\" >M\u00e1quina de bloco de gelo seco<\/a><\/h4><\/div><\/div> <div class=\"pt-cv-content-item pt-cv-1-col\" ><div class=\"pt-cv-thumb-wrapper\"><a href=\"https:\/\/dryice-equipment.com\/pt\/multi-head-dry-ice-granular-machine\/\" class=\"_self pt-cv-href-thumbnail pt-cv-thumb-default\" target=\"_self\" ><img loading=\"lazy\" decoding=\"async\" width=\"720\" height=\"540\" src=\"https:\/\/dryice-equipment.com\/wp-content\/uploads\/2019\/05\/double-head-dry-ice-pelletizer-machine.webp\" class=\"pt-cv-thumbnail\" alt=\"m\u00e1quina peletizadora de gelo seco de cabe\u00e7a dupla\" title=\"\"><\/a><\/div> <div class=\"pt-cv-remain-wrapper\"><h4 class=\"pt-cv-title\"><a href=\"https:\/\/dryice-equipment.com\/pt\/multi-head-dry-ice-granular-machine\/\" class=\"_self\" target=\"_self\" >M\u00e1quina peletizadora de gelo seco de cabe\u00e7a dupla<\/a><\/h4><\/div><\/div><\/div><\/div> <\/div> <style>  #pt-cv-view-u1cf2srb .pt-cv-meta-fields {  }#pt-cv-view-u1cf2srb .pt-cv-meta-fields * { font-size: 13px; }#pt-cv-view-u1cf2srb .pt-cv-thumb-wrapper:not(.miniwrap) {  }#pt-cv-view-u1cf2srb .pt-cv-thumbnail:not(.pt-cv-thumbnailsm) { height: 250px; }#pt-cv-view-u1cf2srb .pt-cv-title a { display: block; }#pt-cv-view-u1cf2srb .pt-cv-title:not(.pt-cv-titlesm) a { font-weight: 600;text-decoration: none;font-size: 20px; }#pt-cv-view-u1cf2srb .pt-cv-titlesm a { font-weight: 600;font-size: 18px; }#pt-cv-view-u1cf2srb .pt-cv-content { font-size: 15px; }#pt-cv-view-u1cf2srb .pt-cv-rmwrap {  }#pt-cv-view-u1cf2srb .pt-cv-readmore { color: #fff;background-color: #0075ff;font-size: 14px; }#pt-cv-view-u1cf2srb .pt-cv-taxoterm {  }#pt-cv-view-u1cf2srb .pt-cv-taxoterm * { color: #222;background-color: #fff6f6;font-size: 14px; }#pt-cv-view-u1cf2srb + .pt-cv-pagination-wrapper {  }#pt-cv-view-u1cf2srb + .pt-cv-pagination-wrapper a { font-size: 14px; }#pt-cv-view-u1cf2srb > .pt-cv-page {grid-template-columns: repeat(3, 1fr);grid-gap: 20px;} @media all and (max-width: 1024px) {  #pt-cv-view-u1cf2srb > .pt-cv-page {} }  @media all and (max-width: 767px) {  #pt-cv-view-u1cf2srb > .pt-cv-page {grid-template-columns: repeat(1, 1fr);} } <\/style>   <h2 class=\"wp-block-heading has-text-align-center\" id=\"h-why-choose-us\">por que nos escolher?<\/h2>    <div class=\"wp-block-columns is-layout-flex wp-container-core-columns-is-layout-9d6595d7 wp-block-columns-is-layout-flex\"> <div class=\"wp-block-column is-layout-flow wp-block-column-is-layout-flow\"> <ol class=\"wp-block-list\"> <li>A tecnologia avan\u00e7ada de produtos pode economizar muita energia <\/li> <\/ol> <\/div>    <div class=\"wp-block-column is-layout-flow wp-block-column-is-layout-flow\"> <p> 2. Produto de alta qualidade tem uma vida \u00fatil mais longa <\/p> <\/div> <\/div>    <div class=\"wp-block-columns is-layout-flex wp-container-core-columns-is-layout-9d6595d7 wp-block-columns-is-layout-flex\"> <div class=\"wp-block-column is-layout-flow wp-block-column-is-layout-flow\"> <p> 3. Ampla gama de aplica\u00e7\u00f5es adequadas para v\u00e1rios setores <\/p> <\/div>    <div class=\"wp-block-column is-layout-flow wp-block-column-is-layout-flow\"> <p> 4. Economia de tempo e energia <\/p> <\/div> <\/div>","protected":false},"excerpt":{"rendered":"<p class=\"translation-block\">Company Introduction Shuliy Machinery is a professional manufacturer &amp; supplier for dry ice machine with over 10 years of experience. The main equipment includes dry ice block machine, dry ice granular machine, dry ice washing machine, dry ice blasting machine, etc. Shuliy machines have been exported to a variety of &#8230; <a title=\"Shuliy machinery\" class=\"read-more\" href=\"https:\/\/dryice-equipment.com\/pt\/\" aria-label=\"Leia mais sobre Shuliy machinery\">Read more<\/a><\/p>","protected":false},"author":1,"featured_media":0,"parent":0,"menu_order":0,"comment_status":"closed","ping_status":"closed","template":"","meta":{"footnotes":""},"class_list":["post-214","page","type-page","status-publish"],"_links":{"self":[{"href":"https:\/\/dryice-equipment.com\/pt\/wp-json\/wp\/v2\/pages\/214","targetHints":{"allow":["GET"]}}],"collection":[{"href":"https:\/\/dryice-equipment.com\/pt\/wp-json\/wp\/v2\/pages"}],"about":[{"href":"https:\/\/dryice-equipment.com\/pt\/wp-json\/wp\/v2\/types\/page"}],"author":[{"embeddable":true,"href":"https:\/\/dryice-equipment.com\/pt\/wp-json\/wp\/v2\/users\/1"}],"replies":[{"embeddable":true,"href":"https:\/\/dryice-equipment.com\/pt\/wp-json\/wp\/v2\/comments?post=214"}],"version-history":[{"count":0,"href":"https:\/\/dryice-equipment.com\/pt\/wp-json\/wp\/v2\/pages\/214\/revisions"}],"wp:attachment":[{"href":"https:\/\/dryice-equipment.com\/pt\/wp-json\/wp\/v2\/media?parent=214"}],"curies":[{"name":"wp","href":"https:\/\/api.w.org\/{rel}","templated":true}]}}