{"id":432,"date":"2019-05-20T01:43:34","date_gmt":"2019-05-20T01:43:34","guid":{"rendered":"https:\/\/2.dry-ice-machine.com\/?page_id=432"},"modified":"2024-05-21T09:34:08","modified_gmt":"2024-05-21T01:34:08","slug":"service","status":"publish","type":"page","link":"https:\/\/dryice-equipment.com\/pt\/service\/","title":{"rendered":"servi\u00e7o"},"content":{"rendered":"<h2>Antes das vendas<\/h2>    <ol class=\"wp-block-list\"><li>Fornecemos informa\u00e7\u00f5es profissionais sobre m\u00e1quinas de gelo seco, qualidade de produto qualificada e suporte t\u00e9cnico avan\u00e7ado.<\/li><li>Mostre ao cliente os resultados do teste do produto. Ajude os clientes a testar a m\u00e1quina de acordo com as diferentes mat\u00e9rias-primas e necessidades do cliente.<\/li><li>Crie desenhos e desenhos 3D de acordo com a necessidade do cliente, ajude os clientes a projetar o layout da planta<\/li><li>Ajude os clientes a verificar o frete mar\u00edtimo, a\u00e9reo, etc., reduza os problemas do cliente<\/li><li>Ajude os clientes a responder perguntas relacionadas \u00e0s m\u00e1quinas<\/li><\/ol>    <div class=\"wp-block-columns has-2-columns is-layout-flex wp-container-core-columns-is-layout-9d6595d7 wp-block-columns-is-layout-flex\"> <div class=\"wp-block-column is-layout-flow wp-block-column-is-layout-flow\"> <figure class=\"wp-block-image\"><img loading=\"lazy\" decoding=\"async\" width=\"500\" height=\"500\" src=\"https:\/\/dryice-equipment.com\/wp-content\/uploads\/2019\/05\/factory-2.jpg\" alt=\"\" class=\"wp-image-605\" title=\"\" srcset=\"https:\/\/dryice-equipment.com\/wp-content\/uploads\/2019\/05\/factory-2.jpg 500w, https:\/\/dryice-equipment.com\/wp-content\/uploads\/2019\/05\/factory-2-150x150.jpg 150w, https:\/\/dryice-equipment.com\/wp-content\/uploads\/2019\/05\/factory-2-300x300.jpg 300w\" sizes=\"auto, (max-width: 500px) 100vw, 500px\" \/><figcaption>M\u00e1quina de gelo seco<\/figcaption><\/figure>    <p style=\"text-align:center\">Mostra de f\u00e1brica de m\u00e1quinas de blocos de gelo seco<\/p> <\/div>    <div class=\"wp-block-column is-layout-flow wp-block-column-is-layout-flow\"> <figure class=\"wp-block-image\"><img loading=\"lazy\" decoding=\"async\" width=\"500\" height=\"500\" src=\"https:\/\/dryice-equipment.com\/wp-content\/uploads\/2019\/05\/factory-4.jpg\" alt=\"\" class=\"wp-image-607\" title=\"\" srcset=\"https:\/\/dryice-equipment.com\/wp-content\/uploads\/2019\/05\/factory-4.jpg 500w, https:\/\/dryice-equipment.com\/wp-content\/uploads\/2019\/05\/factory-4-150x150.jpg 150w, https:\/\/dryice-equipment.com\/wp-content\/uploads\/2019\/05\/factory-4-300x300.jpg 300w\" sizes=\"auto, (max-width: 500px) 100vw, 500px\" \/><figcaption>M\u00e1quina de gelo seco<\/figcaption><\/figure>    <p style=\"text-align:center\">Mostra de f\u00e1brica de estoque de gelo seco<\/p> <\/div> <\/div>       <h2>P\u00f3s-venda<\/h2>    <ol class=\"wp-block-list\"><li>Providenciaremos o transporte da m\u00e1quina e notificaremos a tempo a m\u00e1quina do cliente sobre a mensagem log\u00edstica.<\/li><li>Garantia dentro de um ano, a m\u00e1quina possui pe\u00e7as que podem ser reparadas<\/li><li>Podemos ensinar os clientes a instalar por meio de v\u00eddeo.&nbsp;<\/li><li>Consulta T\u00e9cnica: Se voc\u00ea encontrar algum problema durante a opera\u00e7\u00e3o da m\u00e1quina, n\u00e3o hesite em nos contatar, oferecemos instru\u00e7\u00f5es on-line em um dia normal de trabalho, ou nossa equipe profissional fornecer\u00e1 suporte t\u00e9cnico personalizado de acordo com sua situa\u00e7\u00e3o pr\u00e1tica.<\/li><li>Manuten\u00e7\u00e3o: Podemos oferecer orienta\u00e7\u00f5es de manuten\u00e7\u00e3o detalhadamente atrav\u00e9s do envio de folheto do produto. Certifique-se de ler o manual do propriet\u00e1rio e seguir as etapas durante a opera\u00e7\u00e3o. A manuten\u00e7\u00e3o regular da m\u00e1quina pode prolongar a vida \u00fatil da m\u00e1quina, de modo a economizar o seu investimento em reparos.<\/li><li>Componentes: Os componentes extras n\u00e3o s\u00e3o gratuitos, mas podemos garantir que todos os componentes s\u00e3o fabricados atendendo estritamente aos requisitos do contrato e \u00e0s normas nacionais pertinentes para exporta\u00e7\u00e3o de itens.<\/li><\/ol>    <div class=\"wp-block-columns has-2-columns is-layout-flex wp-container-core-columns-is-layout-9d6595d7 wp-block-columns-is-layout-flex\"> <div class=\"wp-block-column is-layout-flow wp-block-column-is-layout-flow\"> <figure class=\"wp-block-image\"><img loading=\"lazy\" decoding=\"async\" width=\"500\" height=\"500\" src=\"https:\/\/dryice-equipment.com\/wp-content\/uploads\/2019\/05\/factory-3.jpg\" alt=\"\" class=\"wp-image-606\" title=\"\" srcset=\"https:\/\/dryice-equipment.com\/wp-content\/uploads\/2019\/05\/factory-3.jpg 500w, https:\/\/dryice-equipment.com\/wp-content\/uploads\/2019\/05\/factory-3-150x150.jpg 150w, https:\/\/dryice-equipment.com\/wp-content\/uploads\/2019\/05\/factory-3-300x300.jpg 300w\" sizes=\"auto, (max-width: 500px) 100vw, 500px\" \/><figcaption>M\u00e1quina de gelo seco<\/figcaption><\/figure>    <p style=\"text-align:center\">Mostra de f\u00e1brica de m\u00e1quina granulada de gelo seco <\/p> <\/div>    <div class=\"wp-block-column is-layout-flow wp-block-column-is-layout-flow\"> <figure class=\"wp-block-image\"><img loading=\"lazy\" decoding=\"async\" width=\"500\" height=\"500\" src=\"https:\/\/dryice-equipment.com\/wp-content\/uploads\/2019\/05\/factory-1.jpg\" alt=\"\" class=\"wp-image-604\" title=\"\" srcset=\"https:\/\/dryice-equipment.com\/wp-content\/uploads\/2019\/05\/factory-1.jpg 500w, https:\/\/dryice-equipment.com\/wp-content\/uploads\/2019\/05\/factory-1-150x150.jpg 150w, https:\/\/dryice-equipment.com\/wp-content\/uploads\/2019\/05\/factory-1-300x300.jpg 300w\" sizes=\"auto, (max-width: 500px) 100vw, 500px\" \/><figcaption>M\u00e1quina de gelo seco<\/figcaption><\/figure>    <p style=\"text-align:center\">Exposi\u00e7\u00e3o de f\u00e1brica de caixa de preserva\u00e7\u00e3o de calor de gelo seco<\/p> <\/div> <\/div>","protected":false},"excerpt":{"rendered":"<p class=\"translation-block\">Antes da venda Fornecemos informa\u00e7\u00f5es profissionais sobre m\u00e1quinas de gelo seco, qualidade de produto qualificada e suporte t\u00e9cnico avan\u00e7ado. Mostre ao cliente os resultados dos testes do produto. Ajude os clientes a testar a m\u00e1quina de acordo com diferentes mat\u00e9rias-primas e necessidades do cliente. Crie desenhos e desenhos 3D de acordo com as necessidades do cliente, ajude os clientes a projetar o layout da f\u00e1brica \u2026 <a title=\"service\" class=\"read-more\" href=\"https:\/\/dryice-equipment.com\/pt\/service\/\" aria-label=\"Leia mais sobre service\">Leia mais<\/a><\/p>","protected":false},"author":1,"featured_media":0,"parent":0,"menu_order":0,"comment_status":"closed","ping_status":"closed","template":"","meta":{"footnotes":""},"class_list":["post-432","page","type-page","status-publish"],"_links":{"self":[{"href":"https:\/\/dryice-equipment.com\/pt\/wp-json\/wp\/v2\/pages\/432","targetHints":{"allow":["GET"]}}],"collection":[{"href":"https:\/\/dryice-equipment.com\/pt\/wp-json\/wp\/v2\/pages"}],"about":[{"href":"https:\/\/dryice-equipment.com\/pt\/wp-json\/wp\/v2\/types\/page"}],"author":[{"embeddable":true,"href":"https:\/\/dryice-equipment.com\/pt\/wp-json\/wp\/v2\/users\/1"}],"replies":[{"embeddable":true,"href":"https:\/\/dryice-equipment.com\/pt\/wp-json\/wp\/v2\/comments?post=432"}],"version-history":[{"count":0,"href":"https:\/\/dryice-equipment.com\/pt\/wp-json\/wp\/v2\/pages\/432\/revisions"}],"wp:attachment":[{"href":"https:\/\/dryice-equipment.com\/pt\/wp-json\/wp\/v2\/media?parent=432"}],"curies":[{"name":"wp","href":"https:\/\/api.w.org\/{rel}","templated":true}]}}