{"id":595,"date":"2019-05-21T09:30:53","date_gmt":"2019-05-21T09:30:53","guid":{"rendered":"https:\/\/2.dry-ice-machine.com\/?page_id=595"},"modified":"2024-05-21T09:34:09","modified_gmt":"2024-05-21T01:34:09","slug":"spare-parts","status":"publish","type":"page","link":"https:\/\/dryice-equipment.com\/pt\/spare-parts\/","title":{"rendered":"Pe\u00e7as de reposi\u00e7\u00e3o"},"content":{"rendered":"<p style=\"color:#0273a4\" class=\"has-text-color\"><h2>M\u00e1quina de fazer gelo seco<\/h2><\/p>    <div class=\"wp-block-columns has-2-columns is-layout-flex wp-container-core-columns-is-layout-9d6595d7 wp-block-columns-is-layout-flex\"> <div class=\"wp-block-column is-layout-flow wp-block-column-is-layout-flow\"> <figure class=\"wp-block-image\"><img loading=\"lazy\" decoding=\"async\" width=\"500\" height=\"500\" src=\"https:\/\/dryice-equipment.com\/wp-content\/uploads\/2019\/05\/dry-ice-machine-spare-parts-4.jpg\" alt=\"\" class=\"wp-image-617\" title=\"\" srcset=\"https:\/\/dryice-equipment.com\/wp-content\/uploads\/2019\/05\/dry-ice-machine-spare-parts-4.jpg 500w, https:\/\/dryice-equipment.com\/wp-content\/uploads\/2019\/05\/dry-ice-machine-spare-parts-4-150x150.jpg 150w, https:\/\/dryice-equipment.com\/wp-content\/uploads\/2019\/05\/dry-ice-machine-spare-parts-4-300x300.jpg 300w\" sizes=\"auto, (max-width: 500px) 100vw, 500px\" \/><figcaption>Pe\u00e7as sobressalentes para m\u00e1quinas de gelo seco <\/figcaption><\/figure>    <p style=\"text-align:left\" class=\"translation-block\"><strong>Molde da m\u00e1quina granular de gelo seco<\/strong>: \u00c9 uma parte importante da m\u00e1quina, que determina o di\u00e2metro das part\u00edculas de gelo seco. \u00c9 totalmente feito de a\u00e7o inoxid\u00e1vel. Portanto, os gr\u00e2nulos de gelo seco produzidos s\u00e3o saud\u00e1veis.<\/p> <\/div>    <div class=\"wp-block-column is-layout-flow wp-block-column-is-layout-flow\"> <figure class=\"wp-block-image\"><img loading=\"lazy\" decoding=\"async\" width=\"500\" height=\"500\" src=\"https:\/\/dryice-equipment.com\/wp-content\/uploads\/2019\/05\/spare-parts.jpg\" alt=\"\" class=\"wp-image-638\" title=\"\" srcset=\"https:\/\/dryice-equipment.com\/wp-content\/uploads\/2019\/05\/spare-parts.jpg 500w, https:\/\/dryice-equipment.com\/wp-content\/uploads\/2019\/05\/spare-parts-150x150.jpg 150w, https:\/\/dryice-equipment.com\/wp-content\/uploads\/2019\/05\/spare-parts-300x300.jpg 300w\" sizes=\"auto, (max-width: 500px) 100vw, 500px\" \/><figcaption>Pe\u00e7as de reposi\u00e7\u00e3o<\/figcaption><\/figure>    <p class=\"translation-block\"><strong>Tubo<\/strong>: O objetivo deste tubo \u00e9 transportar di\u00f3xido de carbono do recipiente de CO2 para a m\u00e1quina de gelo seco. O g\u00e1s de CO2 sai atrav\u00e9s de um tubo com flange, que \u00e9 f\u00e1cil de recuperar, se necess\u00e1rio. A descarga de ar deve permanecer aberta.<\/p> <\/div> <\/div>    <p><\/p>    <div class=\"wp-block-columns has-2-columns is-layout-flex wp-container-core-columns-is-layout-9d6595d7 wp-block-columns-is-layout-flex\"> <div class=\"wp-block-column is-layout-flow wp-block-column-is-layout-flow\"> <figure class=\"wp-block-image\"><img loading=\"lazy\" decoding=\"async\" width=\"500\" height=\"500\" src=\"https:\/\/dryice-equipment.com\/wp-content\/uploads\/2019\/05\/dry-ice-machine-spare-parts-5.jpg\" alt=\"\" class=\"wp-image-618\" title=\"\" srcset=\"https:\/\/dryice-equipment.com\/wp-content\/uploads\/2019\/05\/dry-ice-machine-spare-parts-5.jpg 500w, https:\/\/dryice-equipment.com\/wp-content\/uploads\/2019\/05\/dry-ice-machine-spare-parts-5-150x150.jpg 150w, https:\/\/dryice-equipment.com\/wp-content\/uploads\/2019\/05\/dry-ice-machine-spare-parts-5-300x300.jpg 300w\" sizes=\"auto, (max-width: 500px) 100vw, 500px\" \/><figcaption>Pe\u00e7as sobressalentes para m\u00e1quinas de gelo seco <\/figcaption><\/figure>    <p class=\"translation-block\"><strong>Motor<\/strong>: Este \u00e9 o motor da m\u00e1quina de gelo seco, que desempenha pap\u00e9is importantes na m\u00e1quina. Observe se o motor gira no sentido hor\u00e1rio durante a primeira partida.<\/p> <\/div>    <div class=\"wp-block-column is-layout-flow wp-block-column-is-layout-flow\"> <figure class=\"wp-block-image\"><img loading=\"lazy\" decoding=\"async\" width=\"500\" height=\"500\" src=\"https:\/\/dryice-equipment.com\/wp-content\/uploads\/2019\/05\/dry-ice-machine-spare-parts-7.jpg\" alt=\"\" class=\"wp-image-620\" title=\"\" srcset=\"https:\/\/dryice-equipment.com\/wp-content\/uploads\/2019\/05\/dry-ice-machine-spare-parts-7.jpg 500w, https:\/\/dryice-equipment.com\/wp-content\/uploads\/2019\/05\/dry-ice-machine-spare-parts-7-150x150.jpg 150w, https:\/\/dryice-equipment.com\/wp-content\/uploads\/2019\/05\/dry-ice-machine-spare-parts-7-300x300.jpg 300w\" sizes=\"auto, (max-width: 500px) 100vw, 500px\" \/><figcaption>Pe\u00e7as sobressalentes para m\u00e1quinas de gelo seco <\/figcaption><\/figure>    <p class=\"translation-block\"><strong>Ventoinha<\/strong>: Durante o processo de produ\u00e7\u00e3o da m\u00e1quina, ela gerar\u00e1 uma certa quantidade de calor devido ao atrito, etc. Portanto, a fun\u00e7\u00e3o da ventoinha \u00e9 dissipar o calor e garantir o uso da m\u00e1quina.<\/p> <\/div> <\/div>    <div class=\"wp-block-columns has-2-columns is-layout-flex wp-container-core-columns-is-layout-9d6595d7 wp-block-columns-is-layout-flex\"> <div class=\"wp-block-column is-layout-flow wp-block-column-is-layout-flow\"> <figure class=\"wp-block-image\"><img loading=\"lazy\" decoding=\"async\" width=\"500\" height=\"500\" src=\"https:\/\/dryice-equipment.com\/wp-content\/uploads\/2019\/05\/dry-ice-machine-spare-parts-2.jpg\" alt=\"\" class=\"wp-image-615\" title=\"\" srcset=\"https:\/\/dryice-equipment.com\/wp-content\/uploads\/2019\/05\/dry-ice-machine-spare-parts-2.jpg 500w, https:\/\/dryice-equipment.com\/wp-content\/uploads\/2019\/05\/dry-ice-machine-spare-parts-2-150x150.jpg 150w, https:\/\/dryice-equipment.com\/wp-content\/uploads\/2019\/05\/dry-ice-machine-spare-parts-2-300x300.jpg 300w\" sizes=\"auto, (max-width: 500px) 100vw, 500px\" \/><figcaption>Pe\u00e7as sobressalentes para m\u00e1quinas de gelo seco <\/figcaption><\/figure>    <p class=\"translation-block\"><strong>Recipiente de CO\u2082<\/strong>: O di\u00f3xido de carbono \u00e9 coletado de v\u00e1rias fontes. Em seguida, \u00e9 processado em pastilhas de gelo l\u00edquido ou blocos de gelo seco, o que permite a reutiliza\u00e7\u00e3o do di\u00f3xido de carbono. Geralmente, haver\u00e1 uma f\u00e1brica que vende di\u00f3xido de carbono exclusivamente.                                          <\/p>    <figure class=\"wp-block-image\"><img loading=\"lazy\" decoding=\"async\" width=\"500\" height=\"500\" src=\"https:\/\/dryice-equipment.com\/wp-content\/uploads\/2019\/05\/dry-ice-machine-spare-parts-8.jpg\" alt=\"\" class=\"wp-image-621\" title=\"\" srcset=\"https:\/\/dryice-equipment.com\/wp-content\/uploads\/2019\/05\/dry-ice-machine-spare-parts-8.jpg 500w, https:\/\/dryice-equipment.com\/wp-content\/uploads\/2019\/05\/dry-ice-machine-spare-parts-8-150x150.jpg 150w, https:\/\/dryice-equipment.com\/wp-content\/uploads\/2019\/05\/dry-ice-machine-spare-parts-8-300x300.jpg 300w\" sizes=\"auto, (max-width: 500px) 100vw, 500px\" \/><figcaption>Pe\u00e7as sobressalentes para m\u00e1quinas de gelo seco <\/figcaption><\/figure>    <p class=\"translation-block\"><strong>Sa\u00edda<\/strong>: O di\u00e2metro da sa\u00edda pode ser personalizado de acordo com os requisitos do cliente. Normalmente, o di\u00e2metro varia de 3 a 19 mm. As mat\u00e9rias-primas de di\u00f3xido de carbono na tubula\u00e7\u00e3o precisam ser esvaziadas ap\u00f3s a m\u00e1quina sair de servi\u00e7o. <\/p> <\/div>    <div class=\"wp-block-column is-layout-flow wp-block-column-is-layout-flow\"> <figure class=\"wp-block-image\"><img loading=\"lazy\" decoding=\"async\" width=\"500\" height=\"500\" src=\"https:\/\/dryice-equipment.com\/wp-content\/uploads\/2019\/05\/dry-ice-machine-spare-parts-6.jpg\" alt=\"\" class=\"wp-image-619\" title=\"\" srcset=\"https:\/\/dryice-equipment.com\/wp-content\/uploads\/2019\/05\/dry-ice-machine-spare-parts-6.jpg 500w, https:\/\/dryice-equipment.com\/wp-content\/uploads\/2019\/05\/dry-ice-machine-spare-parts-6-150x150.jpg 150w, https:\/\/dryice-equipment.com\/wp-content\/uploads\/2019\/05\/dry-ice-machine-spare-parts-6-300x300.jpg 300w\" sizes=\"auto, (max-width: 500px) 100vw, 500px\" \/><figcaption>Pe\u00e7as sobressalentes para m\u00e1quinas de gelo seco <\/figcaption><\/figure>    <p class=\"translation-block\"><strong>Transformador<\/strong>: Sua principal fun\u00e7\u00e3o \u00e9 a convers\u00e3o de tens\u00e3o. Como as tens\u00f5es em diferentes pa\u00edses s\u00e3o diferentes, para o uso normal da m\u00e1quina, a tens\u00e3o da m\u00e1quina precisa ser consistente com a tens\u00e3o local do cliente.<\/p>    <figure class=\"wp-block-image\"><img loading=\"lazy\" decoding=\"async\" width=\"500\" height=\"500\" src=\"https:\/\/dryice-equipment.com\/wp-content\/uploads\/2019\/05\/dry-ice-machine-spare-parts-1.jpg\" alt=\"\" class=\"wp-image-614\" title=\"\" srcset=\"https:\/\/dryice-equipment.com\/wp-content\/uploads\/2019\/05\/dry-ice-machine-spare-parts-1.jpg 500w, https:\/\/dryice-equipment.com\/wp-content\/uploads\/2019\/05\/dry-ice-machine-spare-parts-1-150x150.jpg 150w, https:\/\/dryice-equipment.com\/wp-content\/uploads\/2019\/05\/dry-ice-machine-spare-parts-1-300x300.jpg 300w\" sizes=\"auto, (max-width: 500px) 100vw, 500px\" \/><figcaption>Pe\u00e7as sobressalentes para m\u00e1quinas de gelo seco <\/figcaption><\/figure>    <p class=\"translation-block\"><strong>Painel de controle:<\/strong> Ele pode controlar todas as etapas de produ\u00e7\u00e3o da m\u00e1quina. Como, tempo de alimenta\u00e7\u00e3o, tempo de retorno do cilindro mestre e tempo de fechamento, etc., voc\u00ea pode escolher opera\u00e7\u00e3o manual ou autom\u00e1tica. Se quiser operar automaticamente, basta definir todos os par\u00e2metros.<\/p> <\/div> <\/div>    <p style=\"color:#218dbb\" class=\"has-text-color\"><h2>M\u00e1quina de jateamento de gelo seco<\/h2><\/p>    <figure class=\"wp-block-image\"><img loading=\"lazy\" decoding=\"async\" width=\"750\" height=\"500\" src=\"https:\/\/dryice-equipment.com\/wp-content\/uploads\/2019\/05\/dry-ice-machine-spare-parts-9.jpg\" alt=\"\" class=\"wp-image-622\" title=\"\" srcset=\"https:\/\/dryice-equipment.com\/wp-content\/uploads\/2019\/05\/dry-ice-machine-spare-parts-9.jpg 750w, https:\/\/dryice-equipment.com\/wp-content\/uploads\/2019\/05\/dry-ice-machine-spare-parts-9-300x200.jpg 300w\" sizes=\"auto, (max-width: 750px) 100vw, 750px\" \/><figcaption>Pe\u00e7as sobressalentes para m\u00e1quinas de gelo seco <\/figcaption><\/figure>    <p>Mangueira de explos\u00e3o de gelo: A mangueira de explos\u00e3o de gelo \u00e9 feita de tubo de borracha resistente a baixas temperaturas e uma capa protetora Oxford \u00e9 adicionada na parte externa.   Devido \u00e0 temperatura dos pellets de gelo seco ser de cerca de -78 \u2103, o tubo deve ser feito de borracha resistente a baixas temperaturas para garantir o uso normal da m\u00e1quina. <\/p>    <div class=\"table_grad scroll_tablex\">       <table class=\"table_tab responsive\"><tbody><tr><td>Modelo<\/td><td>Modelos aplic\u00e1veis \u200b\u200b(jateador de gelo seco)<\/td><td>Rosca do conector<\/td><td>Comprimento<\/td><\/tr><tr><td>SL-1<\/td><td>SL-550<\/td><td>3\/4\u2033<\/td><td>7m<\/td><\/tr><tr><td>SL-2<\/td><td>SL-550<\/td><td>1\u2033<\/td><td>7m<\/td><\/tr><\/tbody><\/table><\/div>    <p>Mangueira de ar: O hospedeiro de ar \u00e9 de borracha com press\u00e3o de 8,0 MPa. Ele conecta o ar comprimido limpo e seco e a m\u00e1quina de jateamento de gelo seco. Existem juntas rotativas nas duas extremidades, que s\u00e3o f\u00e1ceis de instalar, remov\u00edveis e substitu\u00edveis.<\/p>    <div class=\"table_grad scroll_tablex\">       <table class=\"table_tab responsive\"><tbody><tr><td>Modelo<\/td><td>Modelos aplic\u00e1veis \u200b\u200b(jateador de gelo seco)<\/td><td>Rosca do conector<\/td><td>Comprimento<\/td><\/tr><tr><td>SL-1<\/td><td>SL-550<\/td><td>3\/4\u2033<\/td><td>9m<\/td><\/tr><tr><td>SL-2<\/td><td>SL-550<\/td><td>1\u2033<\/td><td>9m<\/td><\/tr><\/tbody><\/table><\/div>    <p><\/p>","protected":false},"excerpt":{"rendered":"<p class=\"translation-block\">M\u00e1quina de fazer gelo seco Molde da m\u00e1quina de gelo seco granular: \u00c9 uma parte importante da m\u00e1quina, que determina o di\u00e2metro das part\u00edculas de gelo seco. \u00c9 totalmente feita de a\u00e7o inoxid\u00e1vel. Portanto, os gr\u00e2nulos de gelo seco produzidos s\u00e3o saud\u00e1veis. Tubo: O objetivo deste tubo \u00e9 transportar di\u00f3xido de carbono de\u2026 <a title=\"Pe\u00e7as sobressalentes\" class=\"read-more\" href=\"https:\/\/dryice-equipment.com\/pt\/spare-parts\/\" aria-label=\"Leia mais sobre Pe\u00e7as sobressalentes\">Ler mais<\/a><\/p>","protected":false},"author":1,"featured_media":0,"parent":0,"menu_order":0,"comment_status":"closed","ping_status":"closed","template":"","meta":{"footnotes":""},"class_list":["post-595","page","type-page","status-publish"],"_links":{"self":[{"href":"https:\/\/dryice-equipment.com\/pt\/wp-json\/wp\/v2\/pages\/595","targetHints":{"allow":["GET"]}}],"collection":[{"href":"https:\/\/dryice-equipment.com\/pt\/wp-json\/wp\/v2\/pages"}],"about":[{"href":"https:\/\/dryice-equipment.com\/pt\/wp-json\/wp\/v2\/types\/page"}],"author":[{"embeddable":true,"href":"https:\/\/dryice-equipment.com\/pt\/wp-json\/wp\/v2\/users\/1"}],"replies":[{"embeddable":true,"href":"https:\/\/dryice-equipment.com\/pt\/wp-json\/wp\/v2\/comments?post=595"}],"version-history":[{"count":0,"href":"https:\/\/dryice-equipment.com\/pt\/wp-json\/wp\/v2\/pages\/595\/revisions"}],"wp:attachment":[{"href":"https:\/\/dryice-equipment.com\/pt\/wp-json\/wp\/v2\/media?parent=595"}],"curies":[{"name":"wp","href":"https:\/\/api.w.org\/{rel}","templated":true}]}}