{"id":595,"date":"2019-05-21T09:30:53","date_gmt":"2019-05-21T09:30:53","guid":{"rendered":"https:\/\/2.dry-ice-machine.com\/?page_id=595"},"modified":"2024-05-21T09:34:09","modified_gmt":"2024-05-21T01:34:09","slug":"spare-parts","status":"publish","type":"page","link":"https:\/\/dryice-equipment.com\/sw\/spare-parts\/","title":{"rendered":"Vipuri"},"content":{"rendered":"<p style=\"color:#0273a4\" class=\"has-text-color\"><h2>Mashine ya kutengeneza barafu kavu<\/h2><\/p>    <div class=\"wp-block-columns has-2-columns is-layout-flex wp-container-core-columns-is-layout-9d6595d7 wp-block-columns-is-layout-flex\"> <div class=\"wp-block-column is-layout-flow wp-block-column-is-layout-flow\"> <figure class=\"wp-block-image\"><img loading=\"lazy\" decoding=\"async\" width=\"500\" height=\"500\" src=\"https:\/\/dryice-equipment.com\/wp-content\/uploads\/2019\/05\/dry-ice-machine-spare-parts-4.jpg\" alt=\"\" class=\"wp-image-617\" title=\"\" srcset=\"https:\/\/dryice-equipment.com\/wp-content\/uploads\/2019\/05\/dry-ice-machine-spare-parts-4.jpg 500w, https:\/\/dryice-equipment.com\/wp-content\/uploads\/2019\/05\/dry-ice-machine-spare-parts-4-150x150.jpg 150w, https:\/\/dryice-equipment.com\/wp-content\/uploads\/2019\/05\/dry-ice-machine-spare-parts-4-300x300.jpg 300w\" sizes=\"auto, (max-width: 500px) 100vw, 500px\" \/><figcaption>Vipuri vya Mashine Kavu ya Barafu <\/figcaption><\/figure>    <p style=\"text-align:left\" class=\"translation-block\"><strong>Dry ice granular machine mold<\/strong>: Det \u00e4r en viktig del av maskinen, som avg\u00f6r diametern p\u00e5 torrispartiklarna. Den \u00e4r helt tillverkad av rostfritt st\u00e5l. D\u00e4rf\u00f6r \u00e4r de producerade torrisorna h\u00e4lsosamma.<\/p> <\/div>    <div class=\"wp-block-column is-layout-flow wp-block-column-is-layout-flow\"> <figure class=\"wp-block-image\"><img loading=\"lazy\" decoding=\"async\" width=\"500\" height=\"500\" src=\"https:\/\/dryice-equipment.com\/wp-content\/uploads\/2019\/05\/spare-parts.jpg\" alt=\"\" class=\"wp-image-638\" title=\"\" srcset=\"https:\/\/dryice-equipment.com\/wp-content\/uploads\/2019\/05\/spare-parts.jpg 500w, https:\/\/dryice-equipment.com\/wp-content\/uploads\/2019\/05\/spare-parts-150x150.jpg 150w, https:\/\/dryice-equipment.com\/wp-content\/uploads\/2019\/05\/spare-parts-300x300.jpg 300w\" sizes=\"auto, (max-width: 500px) 100vw, 500px\" \/><figcaption>Vipuri<\/figcaption><\/figure>    <p class=\"translation-block\"><strong>Pipe<\/strong>:Syftet med denna slang \u00e4r att transportera koldioxid fr\u00e5n CO2-containern till torrismaskinen. CO2-gasen kommer ut genom en slang med fl\u00e4ns, vilket \u00e4r l\u00e4tt att \u00e5tervinna om det beh\u00f6vs. Utsl\u00e4ppsluften m\u00e5ste h\u00e5llas \u00f6ppen.<\/p> <\/div> <\/div>    <p><\/p>    <div class=\"wp-block-columns has-2-columns is-layout-flex wp-container-core-columns-is-layout-9d6595d7 wp-block-columns-is-layout-flex\"> <div class=\"wp-block-column is-layout-flow wp-block-column-is-layout-flow\"> <figure class=\"wp-block-image\"><img loading=\"lazy\" decoding=\"async\" width=\"500\" height=\"500\" src=\"https:\/\/dryice-equipment.com\/wp-content\/uploads\/2019\/05\/dry-ice-machine-spare-parts-5.jpg\" alt=\"\" class=\"wp-image-618\" title=\"\" srcset=\"https:\/\/dryice-equipment.com\/wp-content\/uploads\/2019\/05\/dry-ice-machine-spare-parts-5.jpg 500w, https:\/\/dryice-equipment.com\/wp-content\/uploads\/2019\/05\/dry-ice-machine-spare-parts-5-150x150.jpg 150w, https:\/\/dryice-equipment.com\/wp-content\/uploads\/2019\/05\/dry-ice-machine-spare-parts-5-300x300.jpg 300w\" sizes=\"auto, (max-width: 500px) 100vw, 500px\" \/><figcaption>Vipuri vya Mashine Kavu ya Barafu <\/figcaption><\/figure>    <p class=\"translation-block\"><strong>Motor<\/strong>: Detta \u00e4r torrismaskinens motor, som spelar en viktig roll i maskinen. Var v\u00e4nlig observera om motorn g\u00e5r medurs vid f\u00f6rsta start.<\/p> <\/div>    <div class=\"wp-block-column is-layout-flow wp-block-column-is-layout-flow\"> <figure class=\"wp-block-image\"><img loading=\"lazy\" decoding=\"async\" width=\"500\" height=\"500\" src=\"https:\/\/dryice-equipment.com\/wp-content\/uploads\/2019\/05\/dry-ice-machine-spare-parts-7.jpg\" alt=\"\" class=\"wp-image-620\" title=\"\" srcset=\"https:\/\/dryice-equipment.com\/wp-content\/uploads\/2019\/05\/dry-ice-machine-spare-parts-7.jpg 500w, https:\/\/dryice-equipment.com\/wp-content\/uploads\/2019\/05\/dry-ice-machine-spare-parts-7-150x150.jpg 150w, https:\/\/dryice-equipment.com\/wp-content\/uploads\/2019\/05\/dry-ice-machine-spare-parts-7-300x300.jpg 300w\" sizes=\"auto, (max-width: 500px) 100vw, 500px\" \/><figcaption>Vipuri vya Mashine Kavu ya Barafu <\/figcaption><\/figure>    <p class=\"translation-block\"><strong>Fan<\/strong>: Under maskinens produktion kommer den att generera en viss m\u00e4ngd v\u00e4rme p\u00e5 grund av friktion osv. D\u00e4rf\u00f6r \u00e4r fl\u00e4ktens funktion att avleda v\u00e4rme och s\u00e4kerst\u00e4lla maskinens anv\u00e4ndning.<\/p> <\/div> <\/div>    <div class=\"wp-block-columns has-2-columns is-layout-flex wp-container-core-columns-is-layout-9d6595d7 wp-block-columns-is-layout-flex\"> <div class=\"wp-block-column is-layout-flow wp-block-column-is-layout-flow\"> <figure class=\"wp-block-image\"><img loading=\"lazy\" decoding=\"async\" width=\"500\" height=\"500\" src=\"https:\/\/dryice-equipment.com\/wp-content\/uploads\/2019\/05\/dry-ice-machine-spare-parts-2.jpg\" alt=\"\" class=\"wp-image-615\" title=\"\" srcset=\"https:\/\/dryice-equipment.com\/wp-content\/uploads\/2019\/05\/dry-ice-machine-spare-parts-2.jpg 500w, https:\/\/dryice-equipment.com\/wp-content\/uploads\/2019\/05\/dry-ice-machine-spare-parts-2-150x150.jpg 150w, https:\/\/dryice-equipment.com\/wp-content\/uploads\/2019\/05\/dry-ice-machine-spare-parts-2-300x300.jpg 300w\" sizes=\"auto, (max-width: 500px) 100vw, 500px\" \/><figcaption>Vipuri vya Mashine Kavu ya Barafu <\/figcaption><\/figure>    <p class=\"translation-block\"><strong>CO\u2082 container<\/strong>: Koldioxiden samlas in fr\u00e5n olika k\u00e4llor. Sedan behandlas den till flytande ispellets eller torrisblock som uppn\u00e5r \u00e5tervinning av koldioxid. Generellt finns det ett fabrik som s\u00e4ljer koldioxid exklusivt.                                          <\/p>    <figure class=\"wp-block-image\"><img loading=\"lazy\" decoding=\"async\" width=\"500\" height=\"500\" src=\"https:\/\/dryice-equipment.com\/wp-content\/uploads\/2019\/05\/dry-ice-machine-spare-parts-8.jpg\" alt=\"\" class=\"wp-image-621\" title=\"\" srcset=\"https:\/\/dryice-equipment.com\/wp-content\/uploads\/2019\/05\/dry-ice-machine-spare-parts-8.jpg 500w, https:\/\/dryice-equipment.com\/wp-content\/uploads\/2019\/05\/dry-ice-machine-spare-parts-8-150x150.jpg 150w, https:\/\/dryice-equipment.com\/wp-content\/uploads\/2019\/05\/dry-ice-machine-spare-parts-8-300x300.jpg 300w\" sizes=\"auto, (max-width: 500px) 100vw, 500px\" \/><figcaption>Vipuri vya Mashine Kavu ya Barafu <\/figcaption><\/figure>    <p class=\"translation-block\"><strong>Outlet<\/strong>: Utloppets diameter kan anpassas efter kundens krav. Vanligtvis ligger diametern mellan 3-19 mm. De r\u00e5a koldioxiden i ledningen m\u00e5ste t\u00f6mmas helt efter att maskinen har tagits ur bruk. <\/p> <\/div>    <div class=\"wp-block-column is-layout-flow wp-block-column-is-layout-flow\"> <figure class=\"wp-block-image\"><img loading=\"lazy\" decoding=\"async\" width=\"500\" height=\"500\" src=\"https:\/\/dryice-equipment.com\/wp-content\/uploads\/2019\/05\/dry-ice-machine-spare-parts-6.jpg\" alt=\"\" class=\"wp-image-619\" title=\"\" srcset=\"https:\/\/dryice-equipment.com\/wp-content\/uploads\/2019\/05\/dry-ice-machine-spare-parts-6.jpg 500w, https:\/\/dryice-equipment.com\/wp-content\/uploads\/2019\/05\/dry-ice-machine-spare-parts-6-150x150.jpg 150w, https:\/\/dryice-equipment.com\/wp-content\/uploads\/2019\/05\/dry-ice-machine-spare-parts-6-300x300.jpg 300w\" sizes=\"auto, (max-width: 500px) 100vw, 500px\" \/><figcaption>Vipuri vya Mashine Kavu ya Barafu <\/figcaption><\/figure>    <p class=\"translation-block\"><strong>Transformer<\/strong>: Dess huvudfunktion \u00e4r sp\u00e4nningsomvandling. Eftersom sp\u00e4nningarna i olika l\u00e4nder \u00e4r olika, m\u00e5ste maskinens sp\u00e4nning vara konsekvent med kundens lokala sp\u00e4nning for normal anv\u00e4ndning.<\/p>    <figure class=\"wp-block-image\"><img loading=\"lazy\" decoding=\"async\" width=\"500\" height=\"500\" src=\"https:\/\/dryice-equipment.com\/wp-content\/uploads\/2019\/05\/dry-ice-machine-spare-parts-1.jpg\" alt=\"\" class=\"wp-image-614\" title=\"\" srcset=\"https:\/\/dryice-equipment.com\/wp-content\/uploads\/2019\/05\/dry-ice-machine-spare-parts-1.jpg 500w, https:\/\/dryice-equipment.com\/wp-content\/uploads\/2019\/05\/dry-ice-machine-spare-parts-1-150x150.jpg 150w, https:\/\/dryice-equipment.com\/wp-content\/uploads\/2019\/05\/dry-ice-machine-spare-parts-1-300x300.jpg 300w\" sizes=\"auto, (max-width: 500px) 100vw, 500px\" \/><figcaption>Vipuri vya Mashine Kavu ya Barafu <\/figcaption><\/figure>    <p class=\"translation-block\"><strong>Kontrollpanel:<\/strong> Den kan styra alla maskinens produktionssteg. S\u00e5som matningstid, tillbaka tid f\u00f6r manuell kolv och st\u00e4ngningstid, etc., Du kan v\u00e4lja manuell drift eller automatisk drift. Om du vill k\u00f6ra automatiskt, st\u00e4ll bara in alla parametrar.<\/p> <\/div> <\/div>    <p style=\"color:#218dbb\" class=\"has-text-color\"><h2>Mashine Kavu ya Kulipua Barafu<\/h2><\/p>    <figure class=\"wp-block-image\"><img loading=\"lazy\" decoding=\"async\" width=\"750\" height=\"500\" src=\"https:\/\/dryice-equipment.com\/wp-content\/uploads\/2019\/05\/dry-ice-machine-spare-parts-9.jpg\" alt=\"\" class=\"wp-image-622\" title=\"\" srcset=\"https:\/\/dryice-equipment.com\/wp-content\/uploads\/2019\/05\/dry-ice-machine-spare-parts-9.jpg 750w, https:\/\/dryice-equipment.com\/wp-content\/uploads\/2019\/05\/dry-ice-machine-spare-parts-9-300x200.jpg 300w\" sizes=\"auto, (max-width: 750px) 100vw, 750px\" \/><figcaption>Vipuri vya Mashine Kavu ya Barafu <\/figcaption><\/figure>    <p>Hose ya Mlipuko wa Barafu: Hose ya mlipuko wa barafu imetengenezwa kwa bomba la mpira linalostahimili joto la chini na kifuniko cha kinga cha oxford huongezwa kwa nje.   Kwa sababu ya joto kavu la pellets za barafu ni karibu -78 \u2103, bomba lazima lifanywe kwa mpira unaostahimili joto la chini ili kuhakikisha matumizi ya kawaida ya mashine. <\/p>    <div class=\"table_grad scroll_tablex\">       <table class=\"table_tab responsive\"><tbody><tr><td>Mfano<\/td><td>Miundo inayotumika (kipuli kavu cha barafu)<\/td><td>Uzi wa screw ya kiunganishi<\/td><td>Urefu<\/td><\/tr><tr><td>SL-1<\/td><td>SL-550<\/td><td>3\/4\u2033<\/td><td>7m<\/td><\/tr><tr><td>SL-2<\/td><td>SL-550<\/td><td>1\u2033<\/td><td>7m<\/td><\/tr><\/tbody><\/table><\/div>    <p>Hose ya Hewa: Kipangishi cha hewa ni mpira na shinikizo la 8.0MPa. Inaunganisha hewa safi iliyobanwa na mashine kavu ya barafu. Kuna viungo vinavyozunguka kwenye ncha mbili, ambayo ni rahisi kufunga, kutengana na kubadilishwa.<\/p>    <div class=\"table_grad scroll_tablex\">       <table class=\"table_tab responsive\"><tbody><tr><td>Mfano<\/td><td>Miundo inayotumika (kipuli kavu cha barafu)<\/td><td>Uzi wa screw ya kiunganishi<\/td><td>Urefu<\/td><\/tr><tr><td>SL-1<\/td><td>SL-550<\/td><td>3\/4\u2033<\/td><td>9 m<\/td><\/tr><tr><td>SL-2<\/td><td>SL-550<\/td><td>1\u2033<\/td><td>9 m<\/td><\/tr><\/tbody><\/table><\/div>    <p><\/p>","protected":false},"excerpt":{"rendered":"<p class=\"translation-block\">[Dry Ice making machine Dry ice granular machine mold: It\u2019s an important part of the machine, which determines the diameter of the dry ice particles. It\u2019s full made of stainless steel. Therefor the dry ice granules produced are healthy. Pipe:The purpose of this pipe is to transport carbon dioxide from \u2026 <a title=\"Spare parts\" class=\"read-more\" href=\"https:\/\/dryice-equipment.com\/sw\/spare-parts\/\" aria-label=\"Read more about Spare parts\">Read more<\/a><\/p>","protected":false},"author":1,"featured_media":0,"parent":0,"menu_order":0,"comment_status":"closed","ping_status":"closed","template":"","meta":{"footnotes":""},"class_list":["post-595","page","type-page","status-publish"],"_links":{"self":[{"href":"https:\/\/dryice-equipment.com\/sw\/wp-json\/wp\/v2\/pages\/595","targetHints":{"allow":["GET"]}}],"collection":[{"href":"https:\/\/dryice-equipment.com\/sw\/wp-json\/wp\/v2\/pages"}],"about":[{"href":"https:\/\/dryice-equipment.com\/sw\/wp-json\/wp\/v2\/types\/page"}],"author":[{"embeddable":true,"href":"https:\/\/dryice-equipment.com\/sw\/wp-json\/wp\/v2\/users\/1"}],"replies":[{"embeddable":true,"href":"https:\/\/dryice-equipment.com\/sw\/wp-json\/wp\/v2\/comments?post=595"}],"version-history":[{"count":0,"href":"https:\/\/dryice-equipment.com\/sw\/wp-json\/wp\/v2\/pages\/595\/revisions"}],"wp:attachment":[{"href":"https:\/\/dryice-equipment.com\/sw\/wp-json\/wp\/v2\/media?parent=595"}],"curies":[{"name":"wp","href":"https:\/\/api.w.org\/{rel}","templated":true}]}}